{"id":1921,"date":"2021-12-12T22:36:32","date_gmt":"2021-12-12T22:36:32","guid":{"rendered":"https:\/\/wbcsdpublications.org\/scf\/?page_id=1921"},"modified":"2022-06-22T13:00:32","modified_gmt":"2022-06-22T13:00:32","slug":"sumario-executivo-dezembro2021","status":"publish","type":"page","link":"https:\/\/wbcsdpublications.org\/scf\/pt\/relatorio-homepage\/sumario-executivo-dezembro2021\/","title":{"rendered":"Sum\u00e1rio Executivo"},"content":{"rendered":"\n\n[et_pb_section fb_built=&#8221;1&#8243; admin_label=&#8221;header&#8221; _builder_version=&#8221;4.9.4&#8243; _module_preset=&#8221;default&#8221; background_image=&#8221;https:\/\/wbcsdpublications.org\/scf\/wp-content\/uploads\/2021\/06\/Executive-summary-bg1-.jpg&#8221; z_index=&#8221;0&#8243; min_height=&#8221;440px&#8221; overflow-x=&#8221;hidden&#8221; overflow-y=&#8221;hidden&#8221; custom_margin=&#8221;168px||||false|false&#8221; custom_padding=&#8221;80px||0px||false|false&#8221; locked=&#8221;off&#8221;][et_pb_row column_structure=&#8221;1_5,3_5,1_5&#8243; make_equal=&#8221;on&#8221; admin_label=&#8221;Row&#8221; _builder_version=&#8221;4.9.4&#8243; _module_preset=&#8221;default&#8221; min_height=&#8221;236px&#8221; custom_margin=&#8221;||||false|false&#8221; custom_padding=&#8221;||0px||false|false&#8221;][et_pb_column type=&#8221;1_5&#8243; _builder_version=&#8221;4.9.4&#8243; _module_preset=&#8221;default&#8221; background_enable_image=&#8221;off&#8221; background_size=&#8221;contain&#8221; overflow-x=&#8221;visible&#8221; overflow-y=&#8221;visible&#8221; custom_padding=&#8221;|0px||0px|false|true&#8221; custom_padding_tablet=&#8221;|5%||5%|false|true&#8221; custom_padding_phone=&#8221;|0%||0%|false|true&#8221; custom_padding_last_edited=&#8221;on|phone&#8221;][\/et_pb_column][et_pb_column type=&#8221;3_5&#8243; _builder_version=&#8221;4.9.4&#8243; _module_preset=&#8221;default&#8221; background_enable_image=&#8221;off&#8221; background_size=&#8221;contain&#8221; overflow-x=&#8221;visible&#8221; overflow-y=&#8221;visible&#8221; custom_padding=&#8221;44px|0px||0px|false|true&#8221; custom_padding_tablet=&#8221;|5%||5%|false|true&#8221; custom_padding_phone=&#8221;|0%||0%|false|true&#8221; custom_padding_last_edited=&#8221;on|phone&#8221; custom_css_main_element=&#8221;display:flex;||align-items: center&#8221;][et_pb_image src=&#8221;https:\/\/wbcsdpublications.org\/scf\/wp-content\/uploads\/2021\/06\/circle-blue.png&#8221; title_text=&#8221;circle-blue&#8221; _builder_version=&#8221;4.9.4&#8243; _module_preset=&#8221;default&#8221; positioning=&#8221;absolute&#8221; position_origin_a=&#8221;bottom_center&#8221; vertical_offset=&#8221;-201px&#8221; horizontal_offset=&#8221;-31px&#8221; vertical_offset_tablet=&#8221;-254px&#8221; vertical_offset_phone=&#8221;&#8221; vertical_offset_last_edited=&#8221;on|tablet&#8221; position_origin_a_tablet=&#8221;&#8221; position_origin_a_phone=&#8221;center_left&#8221; position_origin_a_last_edited=&#8221;on|phone&#8221; position_origin_f_tablet=&#8221;&#8221; position_origin_f_phone=&#8221;&#8221; position_origin_f_last_edited=&#8221;on|phone&#8221; position_origin_r_tablet=&#8221;&#8221; position_origin_r_phone=&#8221;&#8221; position_origin_r_last_edited=&#8221;on|phone&#8221; width=&#8221;500px&#8221; width_tablet=&#8221;82%&#8221; width_phone=&#8221;550px&#8221; width_last_edited=&#8221;on|phone&#8221; positioning_tablet=&#8221;&#8221; positioning_phone=&#8221;&#8221; positioning_last_edited=&#8221;on|phone&#8221;][\/et_pb_image][et_pb_text _builder_version=&#8221;4.9.4&#8243; _dynamic_attributes=&#8221;content&#8221; _module_preset=&#8221;default&#8221; text_font=&#8221;||||||||&#8221; text_text_color=&#8221;#FFFFFF&#8221; text_font_size=&#8221;3em&#8221; text_line_height=&#8221;1.2em&#8221; text_orientation=&#8221;center&#8221; width=&#8221;68%&#8221; width_tablet=&#8221;100%&#8221; width_phone=&#8221;90%&#8221; width_last_edited=&#8221;on|phone&#8221; module_alignment=&#8221;center&#8221; custom_margin=&#8221;|auto||auto|false|true&#8221; custom_padding=&#8221;||2px||false|false&#8221; text_font_size_tablet=&#8221;2.5em&#8221; text_font_size_phone=&#8221;2.2em&#8221; text_font_size_last_edited=&#8221;on|phone&#8221; header_font_size_tablet=&#8221;34px&#8221; header_font_size_phone=&#8221;28px&#8221;]@ET-DC@eyJkeW5hbWljIjp0cnVlLCJjb250ZW50IjoicG9zdF90aXRsZSIsInNldHRpbmdzIjp7ImJlZm9yZSI6IiIsImFmdGVyIjoiIn19@[\/et_pb_text][\/et_pb_column][et_pb_column type=&#8221;1_5&#8243; _builder_version=&#8221;4.9.4&#8243; _module_preset=&#8221;default&#8221; background_enable_image=&#8221;off&#8221; background_size=&#8221;contain&#8221; overflow-x=&#8221;visible&#8221; overflow-y=&#8221;visible&#8221; custom_padding=&#8221;|0px||0px|false|true&#8221; custom_padding_tablet=&#8221;|5%||5%|false|true&#8221; custom_padding_phone=&#8221;|0%||0%|false|true&#8221; custom_padding_last_edited=&#8221;on|phone&#8221;][\/et_pb_column][\/et_pb_row][\/et_pb_section][et_pb_section fb_built=&#8221;1&#8243; _builder_version=&#8221;4.9.4&#8243; _module_preset=&#8221;default&#8221; background_color=&#8221;#F8F8F8&#8243; z_index=&#8221;1000&#8243; min_height=&#8221;400px&#8221; overflow-x=&#8221;visible&#8221; overflow-y=&#8221;visible&#8221; custom_padding=&#8221;48px||0px||false|false&#8221; locked=&#8221;off&#8221;][et_pb_row column_structure=&#8221;1_2,1_2&#8243; make_equal=&#8221;on&#8221; _builder_version=&#8221;4.9.4&#8243; _module_preset=&#8221;default&#8221; module_alignment=&#8221;center&#8221; min_height=&#8221;400px&#8221; custom_margin=&#8221;0px|auto|-28px|auto|false|false&#8221; custom_padding=&#8221;|1px|0px||false|false&#8221;][et_pb_column type=&#8221;1_2&#8243; _builder_version=&#8221;4.9.4&#8243; _module_preset=&#8221;default&#8221;][et_pb_text _builder_version=&#8221;4.9.4&#8243; _module_preset=&#8221;default&#8221; width=&#8221;96.5%&#8221; min_height=&#8221;469.1px&#8221; custom_margin=&#8221;1px||-2px|||&#8221; custom_padding=&#8221;||18px|||&#8221; hover_enabled=&#8221;0&#8243; sticky_enabled=&#8221;0&#8243;]<p>Na C\u00fapula de L\u00edderes Mundiais sobre Florestas e Uso do Solo da COP 26, todos os seis membros do Soft Commodities Forum (SCF, F\u00f3rum de Commodities Agr\u00edcolas) comunicaram o seu compromisso coletivo em desenvolver at\u00e9 a COP27 <strong>um roteiro que abrange todo o setor com a\u00e7\u00f5es sobre cadeias de fornecimento, que sejam compat\u00edveis com a meta de 1,5\u00b0C.<\/strong><\/p>\n<p>Esse compromisso representa uma transforma\u00e7\u00e3o em curso que abrange todo o setor, para a qual o SCF vem contribuindo desde a sua cria\u00e7\u00e3o em 2018, unindo esfor\u00e7os para identificar solu\u00e7\u00f5es em escala para <strong>conter a convers\u00e3o de vegeta\u00e7\u00e3o nativa do Cerrado brasileiro impulsionada pela produ\u00e7\u00e3o de soja<\/strong>. Agora mais do que nunca o nosso trabalho \u00e9 fundamental para promover mudan\u00e7as positivas nas cadeias de fornecimento de soja.<\/p>\n<p>Para cumprir a nossa miss\u00e3o, estamos trabalhando para estabelecer mecanismos que forne\u00e7am <strong>transpar\u00eancia sobre a origem da soja e suas conex\u00f5es com o desmatamento e a convers\u00e3o de ecossistemas naturais<\/strong>. Tamb\u00e9m estamos criando i<strong>ncentivos para que os produtores preservem as florestas e transformem o ambiente onde vivem<\/strong> por meio da colabora\u00e7\u00e3o entre as traders e atrav\u00e9s todo o setor.<\/p>[\/et_pb_text][\/et_pb_column][et_pb_column type=&#8221;1_2&#8243; _builder_version=&#8221;4.9.4&#8243; _module_preset=&#8221;default&#8221; background_image=&#8221;https:\/\/wbcsdpublications.org\/scf\/wp-content\/uploads\/2021\/12\/20211112_fellipeabreu_scf_115096-scaled.jpg&#8221;][\/et_pb_column][\/et_pb_row][et_pb_row _builder_version=&#8221;4.9.4&#8243; _module_preset=&#8221;default&#8221; min_height=&#8221;488.2px&#8221; custom_padding=&#8221;23px|||||&#8221;][et_pb_column type=&#8221;4_4&#8243; _builder_version=&#8221;4.9.4&#8243; _module_preset=&#8221;default&#8221;][et_pb_text _builder_version=&#8221;4.9.4&#8243; _module_preset=&#8221;default&#8221; min_height=&#8221;186.6px&#8221; custom_margin=&#8221;28px||25px||false|false&#8221; hover_enabled=&#8221;0&#8243; sticky_enabled=&#8221;0&#8243;]<p>Os nossos relat\u00f3rios de progresso semestrais t\u00eam por objetivo divulgar aos atores externos os esfor\u00e7os empreendidos e o progresso alcan\u00e7ado nesse trabalho. Todas os resultados alcan\u00e7ados que constam no presente relat\u00f3rio de dezembro de 2021, comprometidos em junho, se enquadram nas tr\u00eas frentes de trabalho do SCF: Monitoramento de uso do solo, Engajamento de stakeholders (partes interessadas), e Transforma\u00e7\u00e3o das paisagens.<\/p>\n<p>Os nossos \u00faltimos \u00eaxitos mais not\u00e1veis incluem:<\/p>\n<ul>\n<li><strong>Uma n<\/strong><strong>ova arquitetura padronizada para<\/strong><strong> declarar<\/strong><strong> soja <\/strong><strong>originada<\/strong><strong> por <em>joint ventures<\/em>; <\/strong><\/li>\n<li><strong>Uma m<\/strong><strong>etodologia para a <\/strong><strong>verifica\u00e7\u00e3o de<\/strong> <strong>soja <\/strong><strong>livre de <\/strong><strong>desmatamento e<\/strong><strong> de<\/strong> <strong>convers\u00e3o; <\/strong><\/li>\n<li><strong>Uma a<\/strong><strong>bordagem aprimorada para <\/strong><strong>auxiliar <\/strong><strong>fornecedores indiretos na ado\u00e7\u00e3o de sistemas de monitoramento;<\/strong><\/li>\n<li><strong>Uma e<\/strong><strong>strat\u00e9gia <\/strong><strong>coletiva<\/strong><strong> de engajamento e investimento, entre os membros do SCF e com outr<\/strong><strong>os atores <\/strong><strong>da cadeia de valor, para eliminar o desmatamento e a convers\u00e3o de terra impulsionados pelo cultivo de soja em paisagens priorit\u00e1rias. <\/strong><\/li>\n<\/ul>\n<p>\u00a0<strong style=\"color: #00b140;\">O nosso futuro trabalho continuar\u00e1 a alavancar o poder dos mercados para dar suporte e incentivar uma produ\u00e7\u00e3o livre de desmatamento e de convers\u00e3o, bem como impulsionar a\u00e7\u00f5es pelo clima.<\/strong><\/p>[\/et_pb_text][et_pb_button button_url=&#8221;@ET-DC@eyJkeW5hbWljIjp0cnVlLCJjb250ZW50IjoicG9zdF9saW5rX3VybF9wYWdlIiwic2V0dGluZ3MiOnsicG9zdF9pZCI6IjEyMyJ9fQ==@&#8221; button_text=&#8221;Confira as empresas-membro&#8221; button_alignment=&#8221;left&#8221; _builder_version=&#8221;4.9.4&#8243; _dynamic_attributes=&#8221;button_url&#8221; _module_preset=&#8221;default&#8221; button_text_size=&#8221;22px&#8221; button_text_color=&#8221;#00B140&#8243; button_bg_color=&#8221;RGBA(0,0,0,0)&#8221; button_font=&#8221;|300|||||||&#8221; button_use_icon=&#8221;on&#8221; button_icon=&#8221;%%24%%&#8221; button_on_hover=&#8221;off&#8221; custom_margin=&#8221;||56px||false|false&#8221; custom_margin_tablet=&#8221;||-1px||false|false&#8221; custom_margin_phone=&#8221;&#8221; custom_margin_last_edited=&#8221;on|tablet&#8221; custom_padding=&#8221;5px|5px|5px|5px|false|true&#8221; hover_enabled=&#8221;0&#8243; button_bg_color__hover_enabled=&#8221;on|hover&#8221; button_bg_color__hover=&#8221;RGBA(0,0,0,0)&#8221; button_bg_enable_color__hover=&#8221;on&#8221; sticky_enabled=&#8221;0&#8243;][\/et_pb_button][\/et_pb_column][\/et_pb_row][\/et_pb_section]\n\n","protected":false},"excerpt":{"rendered":"<p>Na C\u00fapula de L\u00edderes Mundiais sobre Florestas e Uso do Solo da COP 26, todos os seis membros do Soft Commodities Forum (SCF, F\u00f3rum de Commodities Agr\u00edcolas) comunicaram o seu compromisso coletivo em desenvolver at\u00e9 a COP27 um roteiro que abrange todo o setor com a\u00e7\u00f5es sobre cadeias de fornecimento, que sejam compat\u00edveis com a [&hellip;]<\/p>\n","protected":false},"author":6,"featured_media":801,"parent":898,"menu_order":3,"comment_status":"closed","ping_status":"closed","template":"","meta":{"_et_pb_use_builder":"on","_et_pb_old_content":"","_et_gb_content_width":"","mapsvg_location":"","footnotes":""},"class_list":["post-1921","page","type-page","status-publish","has-post-thumbnail","hentry"],"lang":"pt","translations":{"pt":1921},"pll_sync_post":[],"_links":{"self":[{"href":"https:\/\/wbcsdpublications.org\/scf\/wp-json\/wp\/v2\/pages\/1921","targetHints":{"allow":["GET"]}}],"collection":[{"href":"https:\/\/wbcsdpublications.org\/scf\/wp-json\/wp\/v2\/pages"}],"about":[{"href":"https:\/\/wbcsdpublications.org\/scf\/wp-json\/wp\/v2\/types\/page"}],"author":[{"embeddable":true,"href":"https:\/\/wbcsdpublications.org\/scf\/wp-json\/wp\/v2\/users\/6"}],"replies":[{"embeddable":true,"href":"https:\/\/wbcsdpublications.org\/scf\/wp-json\/wp\/v2\/comments?post=1921"}],"version-history":[{"count":5,"href":"https:\/\/wbcsdpublications.org\/scf\/wp-json\/wp\/v2\/pages\/1921\/revisions"}],"predecessor-version":[{"id":3174,"href":"https:\/\/wbcsdpublications.org\/scf\/wp-json\/wp\/v2\/pages\/1921\/revisions\/3174"}],"up":[{"embeddable":true,"href":"https:\/\/wbcsdpublications.org\/scf\/wp-json\/wp\/v2\/pages\/898"}],"wp:featuredmedia":[{"embeddable":true,"href":"https:\/\/wbcsdpublications.org\/scf\/wp-json\/wp\/v2\/media\/801"}],"wp:attachment":[{"href":"https:\/\/wbcsdpublications.org\/scf\/wp-json\/wp\/v2\/media?parent=1921"}],"curies":[{"name":"wp","href":"https:\/\/api.w.org\/{rel}","templated":true}]}}