{"id":1960,"date":"2021-12-13T00:28:16","date_gmt":"2021-12-13T00:28:16","guid":{"rendered":"https:\/\/wbcsdpublications.org\/scf\/?page_id=1960"},"modified":"2022-12-02T12:16:35","modified_gmt":"2022-12-02T12:16:35","slug":"transformacao-de-paisagens-dezembro2021","status":"publish","type":"page","link":"https:\/\/wbcsdpublications.org\/scf\/pt\/report-homepage\/relatorio-homepage-draft\/transformacao-de-paisagens-dezembro2021\/","title":{"rendered":"Transforma\u00e7\u00e3o de paisagens"},"content":{"rendered":"<p>[et_pb_section fb_built=&#8221;1&#8243; admin_label=&#8221;header&#8221; _builder_version=&#8221;4.9.4&#8243; _module_preset=&#8221;default&#8221; background_image=&#8221;https:\/\/wbcsdpublications.org\/scf\/wp-content\/uploads\/2021\/06\/Transform-landscapes-bg1.jpg&#8221; z_index=&#8221;0&#8243; min_height=&#8221;440px&#8221; overflow-x=&#8221;hidden&#8221; overflow-y=&#8221;hidden&#8221; custom_margin=&#8221;168px||||false|false&#8221; custom_padding=&#8221;80px||0px||false|false&#8221; locked=&#8221;off&#8221;][et_pb_row column_structure=&#8221;1_5,3_5,1_5&#8243; make_equal=&#8221;on&#8221; admin_label=&#8221;Row&#8221; _builder_version=&#8221;4.9.4&#8243; _module_preset=&#8221;default&#8221; min_height=&#8221;236px&#8221; custom_margin=&#8221;||||false|false&#8221; custom_padding=&#8221;||0px||false|false&#8221;][et_pb_column type=&#8221;1_5&#8243; _builder_version=&#8221;4.9.4&#8243; _module_preset=&#8221;default&#8221; background_enable_image=&#8221;off&#8221; background_size=&#8221;contain&#8221; overflow-x=&#8221;visible&#8221; overflow-y=&#8221;visible&#8221; custom_padding=&#8221;|0px||0px|false|true&#8221; custom_padding_tablet=&#8221;|5%||5%|false|true&#8221; custom_padding_phone=&#8221;|0%||0%|false|true&#8221; custom_padding_last_edited=&#8221;on|phone&#8221;][\/et_pb_column][et_pb_column type=&#8221;3_5&#8243; _builder_version=&#8221;4.9.4&#8243; _module_preset=&#8221;default&#8221; background_enable_image=&#8221;off&#8221; background_size=&#8221;contain&#8221; overflow-x=&#8221;visible&#8221; overflow-y=&#8221;visible&#8221; custom_padding=&#8221;44px|0px||0px|false|true&#8221; custom_padding_tablet=&#8221;|5%||5%|false|true&#8221; custom_padding_phone=&#8221;|0%||0%|false|true&#8221; custom_padding_last_edited=&#8221;on|phone&#8221; custom_css_main_element=&#8221;display:flex;||align-items: center&#8221;][et_pb_image src=&#8221;https:\/\/wbcsdpublications.org\/scf\/wp-content\/uploads\/2021\/06\/circle-blue.png&#8221; title_text=&#8221;circle-blue&#8221; _builder_version=&#8221;4.9.4&#8243; _module_preset=&#8221;default&#8221; positioning=&#8221;absolute&#8221; position_origin_a=&#8221;bottom_center&#8221; vertical_offset=&#8221;-201px&#8221; horizontal_offset=&#8221;-31px&#8221; vertical_offset_tablet=&#8221;-254px&#8221; vertical_offset_phone=&#8221;&#8221; vertical_offset_last_edited=&#8221;on|tablet&#8221; position_origin_a_tablet=&#8221;&#8221; position_origin_a_phone=&#8221;center_left&#8221; position_origin_a_last_edited=&#8221;on|phone&#8221; position_origin_f_tablet=&#8221;&#8221; position_origin_f_phone=&#8221;&#8221; position_origin_f_last_edited=&#8221;on|phone&#8221; position_origin_r_tablet=&#8221;&#8221; position_origin_r_phone=&#8221;&#8221; position_origin_r_last_edited=&#8221;on|phone&#8221; width=&#8221;500px&#8221; width_tablet=&#8221;82%&#8221; width_phone=&#8221;550px&#8221; width_last_edited=&#8221;on|phone&#8221; positioning_tablet=&#8221;&#8221; positioning_phone=&#8221;&#8221; positioning_last_edited=&#8221;on|phone&#8221;][\/et_pb_image][et_pb_text _builder_version=&#8221;4.9.4&#8243; _dynamic_attributes=&#8221;content&#8221; _module_preset=&#8221;default&#8221; text_font=&#8221;||||||||&#8221; text_text_color=&#8221;#FFFFFF&#8221; text_font_size=&#8221;3em&#8221; text_line_height=&#8221;1.2em&#8221; text_orientation=&#8221;center&#8221; width=&#8221;68%&#8221; width_tablet=&#8221;100%&#8221; width_phone=&#8221;90%&#8221; width_last_edited=&#8221;on|phone&#8221; module_alignment=&#8221;center&#8221; custom_margin=&#8221;|auto||auto|false|true&#8221; custom_padding=&#8221;||2px||false|false&#8221; text_font_size_tablet=&#8221;2.5em&#8221; text_font_size_phone=&#8221;2.2em&#8221; text_font_size_last_edited=&#8221;on|phone&#8221; header_font_size_tablet=&#8221;34px&#8221; header_font_size_phone=&#8221;28px&#8221;]@ET-DC@eyJkeW5hbWljIjp0cnVlLCJjb250ZW50IjoicG9zdF90aXRsZSIsInNldHRpbmdzIjp7ImJlZm9yZSI6IiIsImFmdGVyIjoiIn19@[\/et_pb_text][\/et_pb_column][et_pb_column type=&#8221;1_5&#8243; _builder_version=&#8221;4.9.4&#8243; _module_preset=&#8221;default&#8221; background_enable_image=&#8221;off&#8221; background_size=&#8221;contain&#8221; overflow-x=&#8221;visible&#8221; overflow-y=&#8221;visible&#8221; custom_padding=&#8221;|0px||0px|false|true&#8221; custom_padding_tablet=&#8221;|5%||5%|false|true&#8221; custom_padding_phone=&#8221;|0%||0%|false|true&#8221; custom_padding_last_edited=&#8221;on|phone&#8221;][\/et_pb_column][\/et_pb_row][\/et_pb_section][et_pb_section fb_built=&#8221;1&#8243; _builder_version=&#8221;4.9.4&#8243; _module_preset=&#8221;default&#8221; background_color=&#8221;#F8F8F8&#8243; z_index=&#8221;1000&#8243; min_height=&#8221;400px&#8221; overflow-x=&#8221;visible&#8221; overflow-y=&#8221;visible&#8221; custom_padding=&#8221;0px||0px||false|false&#8221;][et_pb_row column_structure=&#8221;3_5,2_5&#8243; _builder_version=&#8221;4.9.4&#8243; _module_preset=&#8221;default&#8221; width_tablet=&#8221;90%&#8221; width_phone=&#8221;&#8221; width_last_edited=&#8221;on|tablet&#8221; module_alignment=&#8221;center&#8221; min_height=&#8221;400px&#8221; custom_margin=&#8221;||0px||false|false&#8221; custom_padding=&#8221;||0px||false|false&#8221;][et_pb_column type=&#8221;3_5&#8243; _builder_version=&#8221;4.9.4&#8243; _module_preset=&#8221;default&#8221;][et_pb_text _builder_version=&#8221;4.9.4&#8243; _module_preset=&#8221;default&#8221; custom_margin=&#8221;97px||25px|||&#8221; custom_padding=&#8221;||0px|||&#8221;]<\/p>\n<h2><span style=\"color: #1c195b;\">Por que fazemos isso?<\/span><\/h2>\n<p>\u00c0 medida que os investimentos no uso sustent\u00e1vel do solo forem crescendo nos pr\u00f3ximos anos, a introdu\u00e7\u00e3o da regulamenta\u00e7\u00e3o do carbono e de um pre\u00e7o do carbono para o setor representa um <strong>incentivo significativo para evitar o desmatamento, garantir a restaura\u00e7\u00e3o florestal, e diminuir as emiss\u00f5es de gases de efeito estufa<\/strong>.<\/p>\n<p><span style=\"color: #1c195b;\">Em antecipa\u00e7\u00e3o a esses avan\u00e7os regulat\u00f3rios, o SCF est\u00e1 em posi\u00e7\u00e3o de <strong>influenciar como e onde os recursos financeiros s\u00e3o alocados para evitar o desmatamento que est\u00e1 embutido em <em>commodities<\/em> agr\u00edcolas<\/strong>.<\/span><span style=\"color: #1c195b;\"><\/span>[\/et_pb_text][\/et_pb_column][et_pb_column type=&#8221;2_5&#8243; _builder_version=&#8221;4.9.4&#8243; _module_preset=&#8221;default&#8221; custom_css_main_element=&#8221;display:flex;||align-items:center;||justify-content:center;&#8221;][et_pb_image src=&#8221;https:\/\/wbcsdpublications.org\/scf\/wp-content\/uploads\/2021\/06\/transform-landscape-static.png&#8221; title_text=&#8221;transform-landscape-static&#8221; align=&#8221;center&#8221; _builder_version=&#8221;4.9.4&#8243; _module_preset=&#8221;default&#8221; width=&#8221;78%&#8221; width_tablet=&#8221;&#8221; width_phone=&#8221;&#8221; width_last_edited=&#8221;on|desktop&#8221; module_alignment=&#8221;center&#8221; custom_margin=&#8221;auto||auto||true|false&#8221; custom_padding=&#8221;33px|||||&#8221; src__hover_enabled=&#8221;on|desktop&#8221; src__hover=&#8221;https:\/\/wbcsdpublications.org\/scf\/wp-content\/uploads\/2021\/06\/transform-landscape-mov.gif&#8221;][\/et_pb_image][\/et_pb_column][\/et_pb_row][\/et_pb_section][et_pb_section fb_built=&#8221;1&#8243; module_id=&#8221;focus&#8221; _builder_version=&#8221;4.9.4&#8243; _module_preset=&#8221;default&#8221; custom_padding=&#8221;||69px|||&#8221;][et_pb_row _builder_version=&#8221;4.9.4&#8243; _module_preset=&#8221;default&#8221;][et_pb_column type=&#8221;4_4&#8243; _builder_version=&#8221;4.9.4&#8243; _module_preset=&#8221;default&#8221;][et_pb_text _builder_version=&#8221;4.9.4&#8243; _module_preset=&#8221;default&#8221; text_font=&#8221;||||||||&#8221; text_font_size=&#8221;22px&#8221; text_orientation=&#8221;center&#8221;]<\/p>\n<h2 style=\"text-align: left;\"><span style=\"color: #1c195b;\">Onde estamos<\/span><\/h2>\n<p>[\/et_pb_text][\/et_pb_column][\/et_pb_row][et_pb_row column_structure=&#8221;1_2,1_2&#8243; make_equal=&#8221;on&#8221; _builder_version=&#8221;4.9.4&#8243; _module_preset=&#8221;default&#8221;][et_pb_column type=&#8221;1_2&#8243; _builder_version=&#8221;4.9.4&#8243; _module_preset=&#8221;default&#8221;][et_pb_text _builder_version=&#8221;4.9.4&#8243; _module_preset=&#8221;default&#8221; custom_margin=&#8221;||8px||false|false&#8221;]Com base na sua posi\u00e7\u00e3o especial para conduzir as melhores pr\u00e1ticas de investimentos no uso sustent\u00e1vel do solo, o SCF definiu <strong>uma estrat\u00e9gia para testar mecanismos eficazes de conserva\u00e7\u00e3o no Cerrado<\/strong>.<\/p>\n<p>A abordagem, estabelecida como modelo para uso futuro, levar\u00e1 \u00e0 implementa\u00e7\u00e3o de pacotes de solu\u00e7\u00f5es direcionados que garantam o sucesso da transforma\u00e7\u00e3o das paisagens. Nessa primeira etapa, o programa <strong>demonstrar\u00e1 como os fluxos financeiros para os agricultores podem reduzir o desmatamento em \u00e1reas de alto risco, por meio de esquemas de compensa\u00e7\u00e3o por <\/strong><strong>excedente de <\/strong><strong>reservas legais, assist\u00eancia t\u00e9cnica ou acesso a instrumentos financeiros inovadores<\/strong>.<\/p>\n<p>A iniciativa ser\u00e1 uma \u201cprova de conceito\u201d destinada a abordar o desmatamento de forma efetiva, de modo que apresente um bom custo-benef\u00edcio e capaz de vincular os resultados aos mercados de carbono e engajar os produtores e outros elos da cadeia de abastecimento. Para que o projeto seja bem sucedido, as medidas a seguir ser\u00e3o adotadas:<\/p>\n<ul>\n<li style=\"list-style-type: none;\">\n<ul>\n<li>Os produtores poder\u00e3o priorizar interven\u00e7\u00f5es em suas propriedades;<\/li>\n<li>O projeto maximizar\u00e1 o prop\u00f3sito e os investimentos;<\/li>\n<li>Primeiramente, um subconjunto de munic\u00edpios ser\u00e1 o foco para demonstra\u00e7\u00e3o de sucesso;<\/li>\n<li>O projeto priorizar\u00e1 modelos que as empresas poder\u00e3o reproduzir e expandir;<\/li>\n<li>O projeto vai obter apoio de outros parceiros e financiadores.<\/li>\n<\/ul>\n<\/li>\n<\/ul>\n<p>Em termos geogr\u00e1ficos, as interven\u00e7\u00f5es na paisagem ser\u00e3o voltadas a dois grupos de munic\u00edpios que fazem parte do escopo do SCF, nos estados do Maranh\u00e3o e Mato Grosso, que foram selecionados de acordo com dois crit\u00e9rios: risco de desmatamento e maturidade institucional da regi\u00e3o. Quanto \u00e0 colabora\u00e7\u00e3o, os principais parceiros do projeto ser\u00e3o Produzindo Certo, IPAM e a iniciativa PCI.[\/et_pb_text][\/et_pb_column][et_pb_column type=&#8221;1_2&#8243; admin_label=&#8221;Column&#8221; _builder_version=&#8221;4.9.4&#8243; _module_preset=&#8221;default&#8221; background_image=&#8221;https:\/\/wbcsdpublications.org\/scf\/wp-content\/uploads\/2021\/12\/20211113_fellipeabreu_scf_115153-scaled.jpg&#8221; custom_css_main_element=&#8221;display:flex;||align-items:center;&#8221;][et_pb_divider show_divider=&#8221;off&#8221; _builder_version=&#8221;4.9.4&#8243; _module_preset=&#8221;default&#8221;][\/et_pb_divider][\/et_pb_column][\/et_pb_row][et_pb_row _builder_version=&#8221;4.9.4&#8243; _module_preset=&#8221;default&#8221;][et_pb_column type=&#8221;4_4&#8243; _builder_version=&#8221;4.9.4&#8243; _module_preset=&#8221;default&#8221;][et_pb_text _builder_version=&#8221;4.9.4&#8243; _module_preset=&#8221;default&#8221; header_3_text_color=&#8221;#00B140&#8243; transform_scale_tablet=&#8221;&#8221; transform_scale_phone=&#8221;&#8221; transform_scale_last_edited=&#8221;on|desktop&#8221; transform_translate_tablet=&#8221;0px|0px&#8221; transform_translate_phone=&#8221;&#8221; transform_translate_last_edited=&#8221;on|desktop&#8221; transform_translate_linked=&#8221;off&#8221; transform_translate_linked_tablet=&#8221;off&#8221; transform_rotate_tablet=&#8221;0deg|0deg|0deg&#8221; transform_rotate_phone=&#8221;&#8221; transform_rotate_last_edited=&#8221;on|desktop&#8221; transform_skew_tablet=&#8221;&#8221; transform_skew_phone=&#8221;&#8221; transform_skew_last_edited=&#8221;on|desktop&#8221; transform_origin_tablet=&#8221;&#8221; transform_origin_phone=&#8221;&#8221; transform_origin_last_edited=&#8221;on|desktop&#8221; transform_styles_last_edited=&#8221;on|desktop&#8221; width_tablet=&#8221;100%&#8221; width_phone=&#8221;&#8221; width_last_edited=&#8221;on|tablet&#8221; module_alignment=&#8221;left&#8221; transform_styles_tablet=&#8221;&#8221; transform_styles_phone=&#8221;&#8221;]<\/p>\n<h3>Hist\u00f3rias do campo<\/h3>\n<p>[\/et_pb_text][et_pb_blog fullwidth=&#8221;off&#8221; posts_number=&#8221;3&#8243; show_author=&#8221;off&#8221; show_categories=&#8221;off&#8221; _builder_version=&#8221;4.9.4&#8243; _module_preset=&#8221;default&#8221; header_font=&#8221;|300|||||||&#8221; header_text_color=&#8221;#00B140&#8243; body_font=&#8221;|300|||||||&#8221;][\/et_pb_blog][\/et_pb_column][\/et_pb_row][\/et_pb_section][et_pb_section fb_built=&#8221;1&#8243; _builder_version=&#8221;4.9.4&#8243; _module_preset=&#8221;default&#8221; background_color=&#8221;#F8F8F8&#8243; custom_padding=&#8221;||4px||false|false&#8221; locked=&#8221;off&#8221;][et_pb_row column_structure=&#8221;2_3,1_3&#8243; _builder_version=&#8221;4.9.4&#8243; _module_preset=&#8221;default&#8221; custom_padding=&#8221;||86px|||&#8221;][et_pb_column type=&#8221;2_3&#8243; _builder_version=&#8221;4.9.4&#8243; _module_preset=&#8221;default&#8221;][et_pb_text disabled_on=&#8221;on|on|on&#8221; _builder_version=&#8221;4.9.4&#8243; _module_preset=&#8221;default&#8221; custom_padding=&#8221;42px||0px|||&#8221;]<\/p>\n<h3>What\u2019s next<\/h3>\n<p>&nbsp;<\/p>\n<p>These solutions will require the entire value chain to engage, first and foremost by <strong>quantifying and mobilizing the necessary investment<\/strong> and <strong>enabling factors that will bring value to the producers<\/strong>.[\/et_pb_text][et_pb_text _builder_version=&#8221;4.9.4&#8243; _module_preset=&#8221;default&#8221; custom_padding=&#8221;23px|||||&#8221;]<\/p>\n<h2><span style=\"color: #1c195b;\">Pr\u00f3ximos passos<\/span><\/h2>\n<p>[\/et_pb_text][et_pb_text _builder_version=&#8221;4.9.4&#8243; _module_preset=&#8221;default&#8221; custom_margin=&#8221;||20px||false|false&#8221; custom_padding=&#8221;||0px|||&#8221;]A principal prioridade em 2022 ser\u00e1 <strong>mobilizar recursos para apoiar e expandir essas interven\u00e7\u00f5es<\/strong>, interagindo com <strong>parceiros da cadeia de valor da soja, institui\u00e7\u00f5es financeiras e investidores<\/strong> que estejam dispostos a participar de solu\u00e7\u00f5es conjuntas em rela\u00e7\u00e3o \u00e0 paisagem destinadas a conter o desmatamento e a convers\u00e3o de terra, bem como promover uma produ\u00e7\u00e3o de soja mais sustent\u00e1vel em um conjunto de munic\u00edpios do Cerrado.[\/et_pb_text][et_pb_blurb title=&#8221;Lan\u00e7amento da nossa estrat\u00e9gia de transforma\u00e7\u00e3o da paisagem&#8221; use_icon=&#8221;on&#8221; font_icon=&#8221;%%128%%&#8221; icon_color=&#8221;#00B140&#8243; icon_placement=&#8221;left&#8221; content_max_width=&#8221;100%&#8221; _builder_version=&#8221;4.9.4&#8243; _module_preset=&#8221;default&#8221; header_font=&#8221;|300|||||||&#8221; header_text_color=&#8221;#00B140&#8243; header_font_size=&#8221;23px&#8221; header_line_height=&#8221;1.7em&#8221; min_height=&#8221;28px&#8221; custom_margin=&#8221;||-2px|||&#8221;][\/et_pb_blurb][et_pb_text _builder_version=&#8221;4.9.4&#8243; _module_preset=&#8221;default&#8221; custom_margin=&#8221;||20px||false|false&#8221; custom_padding=&#8221;||0px|||&#8221;]<strong>Com recursos alocados aos munic\u00edpios-alvo, pretendemos lan\u00e7ar a nossa estrat\u00e9gia em rela\u00e7\u00e3o \u00e0 paisagem no primeiro semestre de 2022. Solu\u00e7\u00f5es em escala exigir\u00e3o a mobiliza\u00e7\u00e3o de toda a cadeia de valor no que se refere \u00e0 quantifica\u00e7\u00e3o e ao levantamento dos investimentos necess\u00e1rios, e \u00e0 cria\u00e7\u00e3o de fatores que favore\u00e7am a gera\u00e7\u00e3o de valor aos produtores.<\/strong>[\/et_pb_text][\/et_pb_column][et_pb_column type=&#8221;1_3&#8243; _builder_version=&#8221;4.9.4&#8243; _module_preset=&#8221;default&#8221;][\/et_pb_column][\/et_pb_row][\/et_pb_section][et_pb_section fb_built=&#8221;1&#8243; disabled_on=&#8221;on|on|on&#8221; _builder_version=&#8221;4.9.4&#8243; _module_preset=&#8221;default&#8221; background_color=&#8221;#ddffdd&#8221; custom_padding=&#8221;4px||82px||false|false&#8221; disabled=&#8221;on&#8221; locked=&#8221;off&#8221;][et_pb_row _builder_version=&#8221;4.9.4&#8243; _module_preset=&#8221;default&#8221; background_color=&#8221;#FFFFFF&#8221; custom_padding=&#8221;10px|36px|10px|36px|true|true&#8221; border_width_left=&#8221;6px&#8221;][et_pb_column type=&#8221;4_4&#8243; _builder_version=&#8221;4.9.4&#8243; _module_preset=&#8221;default&#8221;][et_pb_text _builder_version=&#8221;4.9.4&#8243; _module_preset=&#8221;default&#8221; text_font=&#8221;|600|||||||&#8221; custom_margin=&#8221;23px||0px||false|false&#8221;]The 3 Key workstreams:[\/et_pb_text][\/et_pb_column][\/et_pb_row][et_pb_row column_structure=&#8221;1_3,1_3,1_3&#8243; use_custom_gutter=&#8221;on&#8221; gutter_width=&#8221;1&#8243; custom_padding_last_edited=&#8221;on|tablet&#8221; _builder_version=&#8221;4.9.4&#8243; _module_preset=&#8221;default&#8221; background_color=&#8221;#FFFFFF&#8221; custom_padding=&#8221;0px|36px|9px|36px|false|true&#8221; custom_padding_tablet=&#8221;0px|36px|21px|36px|false|true&#8221; custom_padding_phone=&#8221;&#8221; border_width_left=&#8221;6px&#8221;][et_pb_column type=&#8221;1_3&#8243; _builder_version=&#8221;4.9.4&#8243; _module_preset=&#8221;default&#8221;][et_pb_text _builder_version=&#8221;4.9.4&#8243; _dynamic_attributes=&#8221;content&#8221; _module_preset=&#8221;default&#8221; text_font_size=&#8221;22px&#8221; custom_margin=&#8221;||0px||false|false&#8221; custom_padding=&#8221;4px||0px||false|false&#8221; locked=&#8221;off&#8221;]@ET-DC@eyJkeW5hbWljIjp0cnVlLCJjb250ZW50IjoicG9zdF90aXRsZSIsInNldHRpbmdzIjp7ImJlZm9yZSI6IiIsImFmdGVyIjoiIn19@[\/et_pb_text][\/et_pb_column][et_pb_column type=&#8221;1_3&#8243; _builder_version=&#8221;4.9.4&#8243; _module_preset=&#8221;default&#8221;][et_pb_button button_url=&#8221;@ET-DC@eyJkeW5hbWljIjp0cnVlLCJjb250ZW50IjoicG9zdF9saW5rX3VybF9wYWdlIiwic2V0dGluZ3MiOnsicG9zdF9pZCI6IjI2NiJ9fQ==@&#8221; button_text=&#8221;Engage stakeholders&#8221; button_alignment=&#8221;left&#8221; _builder_version=&#8221;4.9.4&#8243; _dynamic_attributes=&#8221;button_url&#8221; _module_preset=&#8221;default&#8221; button_text_size=&#8221;22px&#8221; button_text_color=&#8221;#00B140&#8243; button_bg_color=&#8221;RGBA(0,0,0,0)&#8221; button_font=&#8221;|300|||||||&#8221; button_use_icon=&#8221;on&#8221; button_icon=&#8221;%%24%%&#8221; button_on_hover=&#8221;off&#8221; z_index=&#8221;5&#8243; custom_margin=&#8221;||5px||false|false&#8221; custom_margin_tablet=&#8221;0px||0px||false|false&#8221; custom_margin_phone=&#8221;&#8221; custom_margin_last_edited=&#8221;on|tablet&#8221; custom_padding=&#8221;5px|5px|5px|5px|false|true&#8221; button_bg_color__hover_enabled=&#8221;on|hover&#8221; button_bg_color__hover=&#8221;RGBA(0,0,0,0)&#8221; button_bg_enable_color__hover=&#8221;on&#8221;][\/et_pb_button][\/et_pb_column][et_pb_column type=&#8221;1_3&#8243; _builder_version=&#8221;4.9.4&#8243; _module_preset=&#8221;default&#8221;][et_pb_button button_url=&#8221;@ET-DC@eyJkeW5hbWljIjp0cnVlLCJjb250ZW50IjoicG9zdF9saW5rX3VybF9wYWdlIiwic2V0dGluZ3MiOnsicG9zdF9pZCI6IjQ1MiJ9fQ==@&#8221; button_text=&#8221;Monitor land use&#8221; button_alignment=&#8221;left&#8221; _builder_version=&#8221;4.9.4&#8243; _dynamic_attributes=&#8221;button_url&#8221; _module_preset=&#8221;default&#8221; button_text_size=&#8221;22px&#8221; button_text_color=&#8221;#00B140&#8243; button_bg_color=&#8221;RGBA(0,0,0,0)&#8221; button_font=&#8221;|300|||||||&#8221; button_use_icon=&#8221;on&#8221; button_icon=&#8221;%%24%%&#8221; button_on_hover=&#8221;off&#8221; z_index=&#8221;5&#8243; custom_margin=&#8221;||11px||false|false&#8221; custom_margin_tablet=&#8221;0px||0px||false|false&#8221; custom_margin_phone=&#8221;&#8221; custom_margin_last_edited=&#8221;on|tablet&#8221; custom_padding=&#8221;5px|5px|5px|5px|false|true&#8221; button_bg_color__hover_enabled=&#8221;on|hover&#8221; button_bg_color__hover=&#8221;RGBA(0,0,0,0)&#8221; button_bg_enable_color__hover=&#8221;on&#8221;][\/et_pb_button][\/et_pb_column][\/et_pb_row][\/et_pb_section]<\/p>\n","protected":false},"excerpt":{"rendered":"<p>Por que fazemos isso? \u00c0 medida que os investimentos no uso sustent\u00e1vel do solo forem crescendo nos pr\u00f3ximos anos, a introdu\u00e7\u00e3o da regulamenta\u00e7\u00e3o do carbono e de um pre\u00e7o do carbono para o setor representa um incentivo significativo para evitar o desmatamento, garantir a restaura\u00e7\u00e3o florestal, e diminuir as emiss\u00f5es de gases de efeito estufa. [&hellip;]<\/p>\n","protected":false},"author":6,"featured_media":316,"parent":1917,"menu_order":6,"comment_status":"closed","ping_status":"closed","template":"","meta":{"_et_pb_use_builder":"on","_et_pb_old_content":"","_et_gb_content_width":"","mapsvg_location":"","footnotes":""},"class_list":["post-1960","page","type-page","status-publish","has-post-thumbnail","hentry"],"lang":"pt","translations":{"pt":1960},"pll_sync_post":[],"_links":{"self":[{"href":"https:\/\/wbcsdpublications.org\/scf\/wp-json\/wp\/v2\/pages\/1960","targetHints":{"allow":["GET"]}}],"collection":[{"href":"https:\/\/wbcsdpublications.org\/scf\/wp-json\/wp\/v2\/pages"}],"about":[{"href":"https:\/\/wbcsdpublications.org\/scf\/wp-json\/wp\/v2\/types\/page"}],"author":[{"embeddable":true,"href":"https:\/\/wbcsdpublications.org\/scf\/wp-json\/wp\/v2\/users\/6"}],"replies":[{"embeddable":true,"href":"https:\/\/wbcsdpublications.org\/scf\/wp-json\/wp\/v2\/comments?post=1960"}],"version-history":[{"count":5,"href":"https:\/\/wbcsdpublications.org\/scf\/wp-json\/wp\/v2\/pages\/1960\/revisions"}],"predecessor-version":[{"id":3341,"href":"https:\/\/wbcsdpublications.org\/scf\/wp-json\/wp\/v2\/pages\/1960\/revisions\/3341"}],"up":[{"embeddable":true,"href":"https:\/\/wbcsdpublications.org\/scf\/wp-json\/wp\/v2\/pages\/1917"}],"wp:featuredmedia":[{"embeddable":true,"href":"https:\/\/wbcsdpublications.org\/scf\/wp-json\/wp\/v2\/media\/316"}],"wp:attachment":[{"href":"https:\/\/wbcsdpublications.org\/scf\/wp-json\/wp\/v2\/media?parent=1960"}],"curies":[{"name":"wp","href":"https:\/\/api.w.org\/{rel}","templated":true}]}}