{"id":3555,"date":"2022-12-13T18:07:38","date_gmt":"2022-12-13T18:07:38","guid":{"rendered":"https:\/\/wbcsdpublications.org\/scf\/?page_id=3555"},"modified":"2022-12-14T11:59:06","modified_gmt":"2022-12-14T11:59:06","slug":"sobre-o-scf-pt-december-2022","status":"publish","type":"page","link":"https:\/\/wbcsdpublications.org\/scf\/pt\/sobre-o-scf-pt-december-2022\/","title":{"rendered":"Sobre o SCF"},"content":{"rendered":"<p>[et_pb_section fb_built=&#8221;1&#8243; admin_label=&#8221;header&#8221; _builder_version=&#8221;4.9.4&#8243; _module_preset=&#8221;default&#8221; background_image=&#8221;https:\/\/wbcsdpublications.org\/scf\/wp-content\/uploads\/2021\/06\/About-SCF-bg1.jpg&#8221; z_index=&#8221;0&#8243; min_height=&#8221;440px&#8221; overflow-x=&#8221;hidden&#8221; overflow-y=&#8221;hidden&#8221; custom_margin=&#8221;168px||||false|false&#8221; custom_padding=&#8221;80px||0px||false|false&#8221; locked=&#8221;off&#8221;][et_pb_row column_structure=&#8221;1_5,3_5,1_5&#8243; make_equal=&#8221;on&#8221; admin_label=&#8221;Row&#8221; _builder_version=&#8221;4.9.4&#8243; _module_preset=&#8221;default&#8221; min_height=&#8221;236px&#8221; custom_margin=&#8221;||||false|false&#8221; custom_padding=&#8221;||0px||false|false&#8221;][et_pb_column type=&#8221;1_5&#8243; _builder_version=&#8221;4.9.4&#8243; _module_preset=&#8221;default&#8221; background_enable_image=&#8221;off&#8221; background_size=&#8221;contain&#8221; overflow-x=&#8221;visible&#8221; overflow-y=&#8221;visible&#8221; custom_padding=&#8221;|0px||0px|false|true&#8221; custom_padding_tablet=&#8221;|5%||5%|false|true&#8221; custom_padding_phone=&#8221;|0%||0%|false|true&#8221; custom_padding_last_edited=&#8221;on|phone&#8221;][\/et_pb_column][et_pb_column type=&#8221;3_5&#8243; _builder_version=&#8221;4.9.4&#8243; _module_preset=&#8221;default&#8221; background_enable_image=&#8221;off&#8221; background_size=&#8221;contain&#8221; overflow-x=&#8221;visible&#8221; overflow-y=&#8221;visible&#8221; custom_padding=&#8221;44px|0px||0px|false|true&#8221; custom_padding_tablet=&#8221;|5%||5%|false|true&#8221; custom_padding_phone=&#8221;|0%||0%|false|true&#8221; custom_padding_last_edited=&#8221;on|phone&#8221; custom_css_main_element=&#8221;display:flex;||align-items: center&#8221;][et_pb_image src=&#8221;https:\/\/wbcsdpublications.org\/scf\/wp-content\/uploads\/2021\/06\/circle-blue.png&#8221; title_text=&#8221;circle-blue&#8221; _builder_version=&#8221;4.9.4&#8243; _module_preset=&#8221;default&#8221; positioning=&#8221;absolute&#8221; position_origin_a=&#8221;bottom_center&#8221; vertical_offset=&#8221;-201px&#8221; horizontal_offset=&#8221;-31px&#8221; vertical_offset_tablet=&#8221;-254px&#8221; vertical_offset_phone=&#8221;&#8221; vertical_offset_last_edited=&#8221;on|tablet&#8221; position_origin_a_tablet=&#8221;&#8221; position_origin_a_phone=&#8221;center_left&#8221; position_origin_a_last_edited=&#8221;on|phone&#8221; position_origin_f_tablet=&#8221;&#8221; position_origin_f_phone=&#8221;&#8221; position_origin_f_last_edited=&#8221;on|phone&#8221; position_origin_r_tablet=&#8221;&#8221; position_origin_r_phone=&#8221;&#8221; position_origin_r_last_edited=&#8221;on|phone&#8221; width=&#8221;500px&#8221; width_tablet=&#8221;82%&#8221; width_phone=&#8221;550px&#8221; width_last_edited=&#8221;on|phone&#8221; min_height=&#8221;500px&#8221; positioning_tablet=&#8221;&#8221; positioning_phone=&#8221;&#8221; positioning_last_edited=&#8221;on|phone&#8221;][\/et_pb_image][et_pb_text _builder_version=&#8221;4.9.4&#8243; _dynamic_attributes=&#8221;content&#8221; _module_preset=&#8221;default&#8221; text_font=&#8221;||||||||&#8221; text_text_color=&#8221;#FFFFFF&#8221; text_font_size=&#8221;3em&#8221; text_line_height=&#8221;1.2em&#8221; text_orientation=&#8221;center&#8221; width=&#8221;68%&#8221; width_tablet=&#8221;100%&#8221; width_phone=&#8221;90%&#8221; width_last_edited=&#8221;on|phone&#8221; module_alignment=&#8221;center&#8221; custom_margin=&#8221;|auto||auto|false|true&#8221; custom_padding=&#8221;||2px||false|false&#8221; text_font_size_tablet=&#8221;2.5em&#8221; text_font_size_phone=&#8221;2.2em&#8221; text_font_size_last_edited=&#8221;on|phone&#8221; header_font_size_tablet=&#8221;34px&#8221; header_font_size_phone=&#8221;28px&#8221;]@ET-DC@eyJkeW5hbWljIjp0cnVlLCJjb250ZW50IjoicG9zdF90aXRsZSIsInNldHRpbmdzIjp7ImJlZm9yZSI6IiIsImFmdGVyIjoiIn19@[\/et_pb_text][\/et_pb_column][et_pb_column type=&#8221;1_5&#8243; _builder_version=&#8221;4.9.4&#8243; _module_preset=&#8221;default&#8221; background_enable_image=&#8221;off&#8221; background_size=&#8221;contain&#8221; overflow-x=&#8221;visible&#8221; overflow-y=&#8221;visible&#8221; custom_padding=&#8221;|0px||0px|false|true&#8221; custom_padding_tablet=&#8221;|5%||5%|false|true&#8221; custom_padding_phone=&#8221;|0%||0%|false|true&#8221; custom_padding_last_edited=&#8221;on|phone&#8221;][\/et_pb_column][\/et_pb_row][\/et_pb_section][et_pb_section fb_built=&#8221;1&#8243; _builder_version=&#8221;4.9.4&#8243; _module_preset=&#8221;default&#8221; background_color=&#8221;#F8F8F8&#8243; z_index=&#8221;1000&#8243; min_height=&#8221;162px&#8221; overflow-x=&#8221;visible&#8221; overflow-y=&#8221;visible&#8221; custom_padding=&#8221;0px||0px||false|false&#8221;][et_pb_row column_structure=&#8221;3_5,2_5&#8243; make_equal=&#8221;on&#8221; _builder_version=&#8221;4.9.4&#8243; _module_preset=&#8221;default&#8221; module_alignment=&#8221;center&#8221; min_height=&#8221;242px&#8221; custom_margin=&#8221;||0px||false|false&#8221; custom_padding=&#8221;||0px||false|false&#8221;][et_pb_column type=&#8221;3_5&#8243; _builder_version=&#8221;4.9.4&#8243; _module_preset=&#8221;default&#8221;][et_pb_text _builder_version=&#8221;4.9.4&#8243; _module_preset=&#8221;default&#8221; min_height=&#8221;624px&#8221; custom_margin=&#8221;67px||25px|||&#8221; custom_padding=&#8221;||19px|||&#8221;]<\/p>\n<p><span style=\"color: #000080;\">Em 2018, o <a href=\"https:\/\/www.wbcsd.org\/\" style=\"color: #000080;\">Conselho Empresarial Mundial para o Desenvolvimento Sustent\u00e1vel (WBCSD)<\/a> criou o Soft Commodities Forum (SCF) para que empresas associadas pudessem identificar solu\u00e7\u00f5es colaborativas para desafios comuns de sustentabilidade, conectando as metas globais \u00e0s realidades locais.<\/span><\/p>\n<p><span style=\"color: #000080;\">Assim como o WBCSD, os membros do SCF est\u00e3o cientes da complexidade das cadeias de fornecimento de soja e sabem que nenhuma empresa consegue enfrentar sozinha os desafios do desmatamento e da convers\u00e3o da savana.<\/span><\/p>\n<p><span style=\"color: #000080;\">A colabora\u00e7\u00e3o entre os membros ajuda a impulsionar o setor como um todo estabelecendo e aplicando indicadores de desempenho comuns e processos de engajamento para acabar com o desmatamento e a convers\u00e3o de vegeta\u00e7\u00e3o nativa causados pela expans\u00e3o do cultivo de soja.<\/span><\/p>\n<p><span style=\"color: #000080;\">A transpar\u00eancia \u00e9 essencial para o rastreamento da soja at\u00e9 as \u00e1reas de cultivo. Isso \u00e9 um desafio significativo no mundo todo, especialmente na regi\u00e3o do Cerrado brasileiro. Divulgamos o progresso nesses termos duas vezes ao ano, em junho e em dezembro. Este relat\u00f3rio marca a segunda vez que as empresas associadas divulgam seu desempenho no monitoramento de volumes de soja verificados como livre de desmatamento e convers\u00e3o na regi\u00e3o do Cerrado. Neste relat\u00f3rio de dezembro de 2022, divulgamos os detalhes do lan\u00e7amento da nossa estrat\u00e9gia para transformar a paisagem do Cerrado: a iniciativa Produtores em Foco (PF).<\/span><\/p>\n<p>[\/et_pb_text][\/et_pb_column][et_pb_column type=&#8221;2_5&#8243; _builder_version=&#8221;4.9.4&#8243; _module_preset=&#8221;default&#8221;][et_pb_image src=&#8221;https:\/\/wbcsdpublications.org\/scf\/wp-content\/uploads\/2021\/05\/soy-plant.png&#8221; title_text=&#8221;soy-plant&#8221; disabled_on=&#8221;off|off|off&#8221; _builder_version=&#8221;4.9.4&#8243; _module_preset=&#8221;default&#8221; transform_scale_tablet=&#8221;&#8221; transform_scale_phone=&#8221;&#8221; transform_scale_last_edited=&#8221;on|phone&#8221; transform_translate_tablet=&#8221;&#8221; transform_translate_phone=&#8221;&#8221; transform_translate_last_edited=&#8221;on|phone&#8221; transform_translate_linked_phone=&#8221;off&#8221; transform_rotate_tablet=&#8221;&#8221; transform_rotate_phone=&#8221;&#8221; transform_rotate_last_edited=&#8221;on|phone&#8221; transform_skew_tablet=&#8221;&#8221; transform_skew_phone=&#8221;&#8221; transform_skew_last_edited=&#8221;on|phone&#8221; transform_origin_tablet=&#8221;&#8221; transform_origin_phone=&#8221;&#8221; transform_origin_last_edited=&#8221;on|phone&#8221; transform_styles_last_edited=&#8221;on|phone&#8221; positioning=&#8221;absolute&#8221; position_origin_a=&#8221;bottom_left&#8221; vertical_offset=&#8221;0px&#8221; horizontal_offset=&#8221;-46px&#8221; z_index=&#8221;1&#8243; position_origin_a_tablet=&#8221;&#8221; position_origin_a_phone=&#8221;&#8221; position_origin_a_last_edited=&#8221;on|tablet&#8221; position_origin_f_tablet=&#8221;&#8221; position_origin_f_phone=&#8221;&#8221; position_origin_f_last_edited=&#8221;on|tablet&#8221; position_origin_r_tablet=&#8221;&#8221; position_origin_r_phone=&#8221;&#8221; position_origin_r_last_edited=&#8221;on|tablet&#8221; width=&#8221;730px&#8221; width_tablet=&#8221;&#8221; width_phone=&#8221;500px&#8221; width_last_edited=&#8221;on|phone&#8221; min_height=&#8221;288.8px&#8221; custom_margin_tablet=&#8221;-126px||||false|false&#8221; custom_margin_phone=&#8221;&#8221; custom_margin_last_edited=&#8221;on|tablet&#8221; transform_styles_tablet=&#8221;&#8221; transform_styles_phone=&#8221;&#8221; positioning_tablet=&#8221;none&#8221; positioning_phone=&#8221;&#8221; positioning_last_edited=&#8221;on|tablet&#8221;][\/et_pb_image][\/et_pb_column][\/et_pb_row][\/et_pb_section][et_pb_section fb_built=&#8221;1&#8243; _builder_version=&#8221;4.9.4&#8243; _module_preset=&#8221;default&#8221; background_color=&#8221;#FFFFFF&#8221; min_height=&#8221;899.1px&#8221; custom_padding=&#8221;10px|||||&#8221;][et_pb_row column_structure=&#8221;1_2,1_2&#8243; _builder_version=&#8221;4.9.4&#8243; _module_preset=&#8221;default&#8221; custom_padding=&#8221;||0px|||&#8221;][et_pb_column type=&#8221;1_2&#8243; _builder_version=&#8221;4.9.4&#8243; _module_preset=&#8221;default&#8221;][et_pb_text _builder_version=&#8221;4.9.4&#8243; _module_preset=&#8221;default&#8221; custom_margin=&#8221;21px||1px|||&#8221;]<\/p>\n<p><span style=\"color: #000080;\">Considere as seguintes informa\u00e7\u00f5es:<\/span><\/p>\n<ul>\n<li><span style=\"color: #000080;\">Apesar de nunca ter recebido a mesma aten\u00e7\u00e3o de sua vizinha Amaz\u00f4nia, o Cerrado brasileiro, conhecido como o \u201c<a href=\"https:\/\/d3nehc6yl9qzo4.cloudfront.net\/downloads\/wwf_factsheet_cerrado_en_web.pdf\" style=\"color: #000080;\">ber\u00e7o das \u00e1guas<\/a>\u201d, \u00e9 uma das savanas mais biodiversas do mundo. Ele abriga 5% da biodiversidade de animais e plantas do planeta, incluindo de 1.600 esp\u00e9cies de mam\u00edferos, aves e r\u00e9pteis. Ele tamb\u00e9m cont\u00e9m mais de 10.000 esp\u00e9cies de plantas, sendo que quase metade delas n\u00e3o s\u00e3o encontradas em nenhum outro lugar do mundo, <a href=\"https:\/\/www.worldwildlife.org\/places\/cerrado\" style=\"color: #000080;\"><span style=\"text-decoration: underline;\">de acordo com o World Wildlife Fund<\/span><\/a>.<\/span><\/li>\n<li><span style=\"color: #000080;\">Entre 2014 e 2021, agricultores desmataram 880.000 hectares (ou 174.000 acres) no Cerrado para planta\u00e7\u00e3o de soja, o que representa 13,2% da convers\u00e3o total do Cerrado durante esse per\u00edodo, de acordo com um <a href=\"https:\/\/wbcsdpublications.org\/scf\/wp-content\/uploads\/2022\/11\/Soy_Dynamic_2021-22_AGROSATELITE_SCF_December_2022.pdf\" style=\"color: #000080;\"><span style=\"text-decoration: underline;\">estudo da Agrosat\u00e9lite<\/span><\/a>. De acordo com esse mesmo estudo, 61,5% do total de convers\u00f5es no bioma ocorreram na \u00e1rea do escopo do SCF (61 munic\u00edpios-foco) durante o mesmo per\u00edodo. \u00c9 importante destacar que a produ\u00e7\u00e3o de soja em \u00e1reas desmatadas durante o mesmo per\u00edodo representa 4% do total de soja no Cerrado. No entanto, a tend\u00eancia geral de convers\u00e3o para cultivo de soja est\u00e1 diminuindo no nosso escopo, conforme visto na Figura 1.<\/span><\/li>\n<li><span style=\"color: #000080;\">De acordo com o <span style=\"text-decoration: underline;\"><a href=\"https:\/\/www.ipcc.ch\/site\/assets\/uploads\/sites\/4\/2020\/02\/SPM_Updated-Jan20.pdf\" style=\"color: #000080; text-decoration: underline;\"><em>Relat\u00f3rio especial sobre Mudan\u00e7a do clima e terra<\/em><\/a><\/span> do Painel Intergovernamental sobre Mudan\u00e7a do Clima (IPCC), a agricultura global, a silvicultura e outros usos do solo contribuem com aproximadamente 23% das emiss\u00f5es de gases de efeito estufa causadas pelo homem.<\/span><\/li>\n<\/ul>\n<p>[\/et_pb_text][\/et_pb_column][et_pb_column type=&#8221;1_2&#8243; _builder_version=&#8221;4.9.4&#8243; _module_preset=&#8221;default&#8221;][et_pb_image src=&#8221;https:\/\/wbcsdpublications.org\/scf\/wp-content\/uploads\/2022\/12\/PT-agrosatelite-graphy-dec-22.png&#8221; title_text=&#8221;PT agrosatelite graphy dec 22&#8243; align=&#8221;center&#8221; _builder_version=&#8221;4.9.4&#8243; _module_preset=&#8221;default&#8221; transform_scale_tablet=&#8221;&#8221; transform_scale_phone=&#8221;&#8221; transform_scale_last_edited=&#8221;on|phone&#8221; transform_translate_tablet=&#8221;&#8221; transform_translate_phone=&#8221;&#8221; transform_translate_last_edited=&#8221;on|phone&#8221; transform_translate_linked_phone=&#8221;off&#8221; transform_rotate_tablet=&#8221;&#8221; transform_rotate_phone=&#8221;&#8221; transform_rotate_last_edited=&#8221;on|phone&#8221; transform_skew_tablet=&#8221;&#8221; transform_skew_phone=&#8221;&#8221; transform_skew_last_edited=&#8221;on|phone&#8221; transform_origin_tablet=&#8221;&#8221; transform_origin_phone=&#8221;&#8221; transform_origin_last_edited=&#8221;on|phone&#8221; transform_styles_last_edited=&#8221;on|phone&#8221; positioning=&#8221;relative&#8221; position_origin_a=&#8221;bottom_left&#8221; vertical_offset=&#8221;195px&#8221; horizontal_offset=&#8221;-23px&#8221; position_origin_a_tablet=&#8221;&#8221; position_origin_a_phone=&#8221;&#8221; position_origin_a_last_edited=&#8221;on|tablet&#8221; position_origin_f_tablet=&#8221;&#8221; position_origin_f_phone=&#8221;&#8221; position_origin_f_last_edited=&#8221;on|tablet&#8221; position_origin_r_tablet=&#8221;&#8221; position_origin_r_phone=&#8221;&#8221; position_origin_r_last_edited=&#8221;on|tablet&#8221; width=&#8221;526px&#8221; width_tablet=&#8221;96%&#8221; width_phone=&#8221;330px&#8221; width_last_edited=&#8221;on|phone&#8221; custom_margin=&#8221;|19px||||&#8221; custom_margin_tablet=&#8221;-42px||||false|false&#8221; custom_margin_phone=&#8221;&#8221; custom_margin_last_edited=&#8221;on|tablet&#8221; transform_styles_tablet=&#8221;&#8221; transform_styles_phone=&#8221;&#8221; positioning_tablet=&#8221;none&#8221; positioning_phone=&#8221;&#8221; positioning_last_edited=&#8221;on|tablet&#8221;][\/et_pb_image][et_pb_text _builder_version=&#8221;4.9.4&#8243; _module_preset=&#8221;default&#8221; positioning=&#8221;relative&#8221; position_origin_r=&#8221;bottom_right&#8221; vertical_offset=&#8221;-139px&#8221; horizontal_offset=&#8221;5px&#8221; width=&#8221;100%&#8221; custom_margin=&#8221;67px||25px|||&#8221;]<\/p>\n<h6><span style=\"color: #000080;\">Figura 1. Convers\u00e3o para cultivo de soja est\u00e1 diminuindo no nosso escopo<\/span><\/h6>\n<h6><span style=\"color: #000080;\"><em>Nota: convers\u00e3o total por ano para qualquer fim nos 61 munic\u00edpios-foco do SCF em cinza; \u00e1reas convertidas para produ\u00e7\u00e3o de soja nos 61 munic\u00edpios-focodo SCF em laranja<\/em><\/span><\/h6>\n<h6><span style=\"color: #000080;\"><em>Fonte: <\/em><span style=\"text-decoration: underline;\"><a href=\"https:\/\/wbcsdpublications.org\/scf\/wp-content\/uploads\/2022\/11\/Soy_Dynamic_2021-22_AGROSATELITE_SCF_December_2022.pdf\" style=\"color: #000080; text-decoration: underline;\"><em>Agrosat\u00e9lite<\/em><\/a><em>.<\/em><\/span><\/span><\/h6>\n<p>[\/et_pb_text][\/et_pb_column][\/et_pb_row][et_pb_row _builder_version=&#8221;4.9.4&#8243; _module_preset=&#8221;default&#8221; min_height=&#8221;387.7px&#8221; custom_padding=&#8221;11px||24px|||&#8221;][et_pb_column type=&#8221;4_4&#8243; _builder_version=&#8221;4.9.4&#8243; _module_preset=&#8221;default&#8221;][et_pb_text _builder_version=&#8221;4.9.4&#8243; _module_preset=&#8221;default&#8221; min_height=&#8221;382.6px&#8221; custom_margin=&#8221;6px|||||&#8221; locked=&#8221;off&#8221;]<\/p>\n<p><span style=\"color: #000080;\">Empresas que <strong>compram, vendem e processam soft commodities<\/strong>, como a soja, desempenham um papel exclusivo na conex\u00e3o de fornecedores de soja com processadores atacadistas e clientes varejistas em todo o mundo. Elas t\u00eam a oportunidade de ajudar a <strong>promover o progresso na elimina\u00e7\u00e3o do desmatamento e da convers\u00e3o para cultivo de soja.<\/strong><\/span><\/p>\n<p><span style=\"color: #000080;\">Os seis membros atuais do SCF \u2013 ADM, Bunge, Cargill, COFCO International, Louis Dreyfus Company (LDC) e Viterra \u2013 est\u00e3o entre os <strong>maiores exportadores de soja do mundo<\/strong> e est\u00e3o comprometidos com a elimina\u00e7\u00e3o do desmatamento nas cadeias de suprimentos em seus locais de opera\u00e7\u00e3o no Cerrado. Eles se comprometeram a tornar suas cadeias de fornecimento de soja livres de desmatamento e convers\u00e3o de vegeta\u00e7\u00e3o nativa (NVC) por meio do <strong>equil\u00edbrio das prioridades econ\u00f4micas, sociais e ambientais<\/strong>.<\/span><\/p>\n<p><span style=\"color: #000080;\">Organizado pelo WBCSD, o SCF contribui com a pauta do programa de alimenta\u00e7\u00e3o e agricultura promovendo a produ\u00e7\u00e3o de soja positiva para a <strong>natureza<\/strong>, o <strong>clima<\/strong> e os <strong>agricultores<\/strong>, o que contribui com a<strong> transforma\u00e7\u00e3o de sistemas alimentares<\/strong> e com a estrat\u00e9gia da nossa Vis\u00e3o 2050.<\/span><\/p>\n<p><span style=\"color: #000080;\">A equipe de gest\u00e3o do SCF <strong>facilita o di\u00e1logo<\/strong> e a consolida\u00e7\u00e3o de recursos e informa\u00e7\u00f5es. Ela promove o <strong>di\u00e1logo aberto com os stakeholders<\/strong> na cadeia de valor da soja e com a comunidade em geral.<\/span><\/p>\n<p><span style=\"color: #000080;\">As li\u00e7\u00f5es aprendidas na regi\u00e3o do Cerrado brasileiro ser\u00e3o <strong>essenciais para expandir<\/strong> o alcance dos esfor\u00e7os a outros cultivos e biomas em todo o mundo.<\/span><\/p>\n<p><span style=\"color: #000080;\"><strong><\/strong><\/span><\/p>\n<p><span style=\"color: #000080;\"><strong><\/strong><\/span><\/p>\n<p><span style=\"color: #000080;\"><strong>SCF members sign on to the Agriculture Sector Roadmap to 1.5\u00b0C<\/strong><\/span><\/p>\n<p><span style=\"color: #000080;\">Os seis membros do SCF assinaram o <a href=\"https:\/\/www.tropicalforestalliance.org\/en\/collective-action-agenda\/cop27-roadmap\/\" style=\"color: #000080;\"><span style=\"text-decoration: underline;\">Roteiro do Setor Agr\u00edcola 1,5\u00b0C<\/span><\/a>, que descreve os esfor\u00e7os colaborativos de <strong>14 das maiores empresas de com\u00e9rcio e processamento agr\u00edcola do mundo<\/strong> para acelerar a elimina\u00e7\u00e3o do desmatamento vinculado a commodities em suas cadeias de suprimentos, em linha com a meta de 1,5 \u00b0C.<\/span><\/p>\n<p><span style=\"color: #000080;\">A participa\u00e7\u00e3o dos seis membros do SCF no desenvolvimento do roteiro e nos compromissos finais\u00a0refor\u00e7a a meta compartilhada dos membros do SCF de colabora\u00e7\u00e3o e<strong> transforma\u00e7\u00e3o do setor<\/strong>. O\u00a0SCF acredita que uma abordagem <strong>colaborativa e pr\u00e9-competitiva<\/strong> \u00e9 necess\u00e1ria para a obten\u00e7\u00e3o de cadeias de\u00a0fornecimento de soja livre de desmatamento e convers\u00e3o na \u00e1rea do escopo do SCF: o\u00a0Cerrado brasileiro.<\/span><\/p>\n<p>[\/et_pb_text][\/et_pb_column][\/et_pb_row][et_pb_row column_structure=&#8221;1_6,1_6,1_6,1_6,1_6,1_6&#8243; use_custom_gutter=&#8221;on&#8221; gutter_width=&#8221;2&#8243; _builder_version=&#8221;4.9.4&#8243; _module_preset=&#8221;default&#8221; custom_padding=&#8221;21px||39px|||&#8221; custom_css_main_element=&#8221;display:flex;||align-items:center;&#8221; locked=&#8221;off&#8221;][et_pb_column type=&#8221;1_6&#8243; _builder_version=&#8221;4.9.4&#8243; _module_preset=&#8221;default&#8221;][et_pb_image src=&#8221;https:\/\/wbcsdpublications.org\/scf\/wp-content\/uploads\/2021\/05\/ADM.-logo.png&#8221; title_text=&#8221;ADM.-logo&#8221; url=&#8221;https:\/\/www.adm.com\/&#8221; url_new_window=&#8221;on&#8221; admin_label=&#8221;ADM&#8221; _builder_version=&#8221;4.9.4&#8243; _module_preset=&#8221;default&#8221; width=&#8221;54%&#8221; width_tablet=&#8221;54%&#8221; width_phone=&#8221;&#8221; width_last_edited=&#8221;on|tablet&#8221; module_alignment=&#8221;center&#8221; custom_padding=&#8221;||29px||false|false&#8221; custom_padding_tablet=&#8221;&#8221; custom_padding_phone=&#8221;||0px||false|false&#8221; custom_padding_last_edited=&#8221;on|phone&#8221;][\/et_pb_image][\/et_pb_column][et_pb_column type=&#8221;1_6&#8243; _builder_version=&#8221;4.9.4&#8243; _module_preset=&#8221;default&#8221;][et_pb_image src=&#8221;https:\/\/wbcsdpublications.org\/scf\/wp-content\/uploads\/2021\/05\/bunge-logo.jpg&#8221; title_text=&#8221;bunge-logo&#8221; url=&#8221;https:\/\/www.bunge.com\/&#8221; url_new_window=&#8221;on&#8221; admin_label=&#8221;Bunge&#8221; _builder_version=&#8221;4.9.4&#8243; _module_preset=&#8221;default&#8221; module_alignment=&#8221;center&#8221;][\/et_pb_image][\/et_pb_column][et_pb_column type=&#8221;1_6&#8243; _builder_version=&#8221;4.9.4&#8243; _module_preset=&#8221;default&#8221;][et_pb_image src=&#8221;https:\/\/wbcsdpublications.org\/scf\/wp-content\/uploads\/2021\/06\/Cargill-logo-md.png&#8221; title_text=&#8221;Cargill-logo-md&#8221; url=&#8221;https:\/\/www.cargill.com\/&#8221; url_new_window=&#8221;on&#8221; align=&#8221;center&#8221; admin_label=&#8221;cargill&#8221; _builder_version=&#8221;4.9.4&#8243; _module_preset=&#8221;default&#8221; module_alignment=&#8221;center&#8221; custom_margin=&#8221;||||false|false&#8221; custom_margin_tablet=&#8221;&#8221; custom_margin_phone=&#8221;-16px||48px||false|false&#8221; custom_margin_last_edited=&#8221;on|phone&#8221;][\/et_pb_image][\/et_pb_column][et_pb_column type=&#8221;1_6&#8243; _builder_version=&#8221;4.9.4&#8243; _module_preset=&#8221;default&#8221;][et_pb_image src=&#8221;https:\/\/wbcsdpublications.org\/scf\/wp-content\/uploads\/2021\/06\/Cofco-Intl-logo.png&#8221; title_text=&#8221;Cofco-Intl-logo&#8221; url=&#8221;https:\/\/www.cofcointernational.com\/&#8221; url_new_window=&#8221;on&#8221; admin_label=&#8221;COFCO&#8221; _builder_version=&#8221;4.9.4&#8243; _module_preset=&#8221;default&#8221; module_alignment=&#8221;center&#8221; custom_margin_tablet=&#8221;&#8221; custom_margin_phone=&#8221;||54px||false|false&#8221; custom_margin_last_edited=&#8221;on|phone&#8221; locked=&#8221;off&#8221;][\/et_pb_image][\/et_pb_column][et_pb_column type=&#8221;1_6&#8243; _builder_version=&#8221;4.9.4&#8243; _module_preset=&#8221;default&#8221;][et_pb_image src=&#8221;https:\/\/wbcsdpublications.org\/scf\/wp-content\/uploads\/2021\/05\/LDC-logo.png&#8221; title_text=&#8221;LDC-logo&#8221; url=&#8221;https:\/\/www.ldc.com\/&#8221; url_new_window=&#8221;on&#8221; admin_label=&#8221;LDC&#8221; _builder_version=&#8221;4.9.4&#8243; _module_preset=&#8221;default&#8221; width=&#8221;74%&#8221; module_alignment=&#8221;center&#8221;][\/et_pb_image][\/et_pb_column][et_pb_column type=&#8221;1_6&#8243; _builder_version=&#8221;4.9.4&#8243; _module_preset=&#8221;default&#8221;][et_pb_image src=&#8221;https:\/\/wbcsdpublications.org\/scf\/wp-content\/uploads\/2021\/05\/Viterra_LOGO_Photo-cred-Viterra_E.png&#8221; title_text=&#8221;Viterra_LOGO_Photo-cred-Viterra_E&#8221; url=&#8221;https:\/\/www.viterra.com\/&#8221; url_new_window=&#8221;on&#8221; admin_label=&#8221;viterra&#8221; _builder_version=&#8221;4.9.4&#8243; _module_preset=&#8221;default&#8221; module_alignment=&#8221;center&#8221;][\/et_pb_image][\/et_pb_column][\/et_pb_row][\/et_pb_section]<\/p>\n","protected":false},"excerpt":{"rendered":"<p>Em 2018, o Conselho Empresarial Mundial para o Desenvolvimento Sustent\u00e1vel (WBCSD) criou o Soft Commodities Forum (SCF) para que empresas associadas pudessem identificar solu\u00e7\u00f5es colaborativas para desafios comuns de sustentabilidade, conectando as metas globais \u00e0s realidades locais. Assim como o WBCSD, os membros do SCF est\u00e3o cientes da complexidade das cadeias de fornecimento de soja [&hellip;]<\/p>\n","protected":false},"author":6,"featured_media":143,"parent":0,"menu_order":14,"comment_status":"closed","ping_status":"closed","template":"","meta":{"_et_pb_use_builder":"on","_et_pb_old_content":"","_et_gb_content_width":"","mapsvg_location":"","footnotes":""},"class_list":["post-3555","page","type-page","status-publish","has-post-thumbnail","hentry"],"lang":"pt","translations":{"pt":3555,"en":4339},"pll_sync_post":[],"_links":{"self":[{"href":"https:\/\/wbcsdpublications.org\/scf\/wp-json\/wp\/v2\/pages\/3555","targetHints":{"allow":["GET"]}}],"collection":[{"href":"https:\/\/wbcsdpublications.org\/scf\/wp-json\/wp\/v2\/pages"}],"about":[{"href":"https:\/\/wbcsdpublications.org\/scf\/wp-json\/wp\/v2\/types\/page"}],"author":[{"embeddable":true,"href":"https:\/\/wbcsdpublications.org\/scf\/wp-json\/wp\/v2\/users\/6"}],"replies":[{"embeddable":true,"href":"https:\/\/wbcsdpublications.org\/scf\/wp-json\/wp\/v2\/comments?post=3555"}],"version-history":[{"count":5,"href":"https:\/\/wbcsdpublications.org\/scf\/wp-json\/wp\/v2\/pages\/3555\/revisions"}],"predecessor-version":[{"id":3826,"href":"https:\/\/wbcsdpublications.org\/scf\/wp-json\/wp\/v2\/pages\/3555\/revisions\/3826"}],"wp:featuredmedia":[{"embeddable":true,"href":"https:\/\/wbcsdpublications.org\/scf\/wp-json\/wp\/v2\/media\/143"}],"wp:attachment":[{"href":"https:\/\/wbcsdpublications.org\/scf\/wp-json\/wp\/v2\/media?parent=3555"}],"curies":[{"name":"wp","href":"https:\/\/api.w.org\/{rel}","templated":true}]}}