{"id":3564,"date":"2022-12-13T18:06:51","date_gmt":"2022-12-13T18:06:51","guid":{"rendered":"https:\/\/wbcsdpublications.org\/scf\/?page_id=3564"},"modified":"2022-12-14T12:00:41","modified_gmt":"2022-12-14T12:00:41","slug":"onde-trabalhamos-pt-dec-2022","status":"publish","type":"page","link":"https:\/\/wbcsdpublications.org\/scf\/pt\/onde-trabalhamos-pt-dec-2022\/","title":{"rendered":"Onde trabalhamos"},"content":{"rendered":"<p>[et_pb_section fb_built=&#8221;1&#8243; admin_label=&#8221;header&#8221; _builder_version=&#8221;4.9.4&#8243; _module_preset=&#8221;default&#8221; background_image=&#8221;https:\/\/wbcsdpublications.org\/scf\/wp-content\/uploads\/2021\/06\/Where-we-work-bg1.jpg&#8221; z_index=&#8221;0&#8243; min_height=&#8221;440px&#8221; overflow-x=&#8221;hidden&#8221; overflow-y=&#8221;hidden&#8221; custom_margin=&#8221;168px||||false|false&#8221; custom_padding=&#8221;80px||0px||false|false&#8221; locked=&#8221;off&#8221;][et_pb_row column_structure=&#8221;1_5,3_5,1_5&#8243; make_equal=&#8221;on&#8221; admin_label=&#8221;Row&#8221; _builder_version=&#8221;4.9.4&#8243; _module_preset=&#8221;default&#8221; min_height=&#8221;236px&#8221; custom_margin=&#8221;||||false|false&#8221; custom_padding=&#8221;||0px||false|false&#8221;][et_pb_column type=&#8221;1_5&#8243; _builder_version=&#8221;4.9.4&#8243; _module_preset=&#8221;default&#8221; background_enable_image=&#8221;off&#8221; background_size=&#8221;contain&#8221; overflow-x=&#8221;visible&#8221; overflow-y=&#8221;visible&#8221; custom_padding=&#8221;|0px||0px|false|true&#8221; custom_padding_tablet=&#8221;|5%||5%|false|true&#8221; custom_padding_phone=&#8221;|0%||0%|false|true&#8221; custom_padding_last_edited=&#8221;on|phone&#8221;][\/et_pb_column][et_pb_column type=&#8221;3_5&#8243; _builder_version=&#8221;4.9.4&#8243; _module_preset=&#8221;default&#8221; background_enable_image=&#8221;off&#8221; background_size=&#8221;contain&#8221; overflow-x=&#8221;visible&#8221; overflow-y=&#8221;visible&#8221; custom_padding=&#8221;44px|0px||0px|false|true&#8221; custom_padding_tablet=&#8221;|5%||5%|false|true&#8221; custom_padding_phone=&#8221;|0%||0%|false|true&#8221; custom_padding_last_edited=&#8221;on|phone&#8221; custom_css_main_element=&#8221;display:flex;||align-items: center&#8221;][et_pb_image src=&#8221;https:\/\/wbcsdpublications.org\/scf\/wp-content\/uploads\/2021\/06\/circle-blue.png&#8221; title_text=&#8221;circle-blue&#8221; _builder_version=&#8221;4.9.4&#8243; _module_preset=&#8221;default&#8221; positioning=&#8221;absolute&#8221; position_origin_a=&#8221;bottom_center&#8221; vertical_offset=&#8221;-201px&#8221; horizontal_offset=&#8221;-31px&#8221; vertical_offset_tablet=&#8221;-254px&#8221; vertical_offset_phone=&#8221;&#8221; vertical_offset_last_edited=&#8221;on|tablet&#8221; position_origin_a_tablet=&#8221;&#8221; position_origin_a_phone=&#8221;center_left&#8221; position_origin_a_last_edited=&#8221;on|phone&#8221; position_origin_f_tablet=&#8221;&#8221; position_origin_f_phone=&#8221;&#8221; position_origin_f_last_edited=&#8221;on|phone&#8221; position_origin_r_tablet=&#8221;&#8221; position_origin_r_phone=&#8221;&#8221; position_origin_r_last_edited=&#8221;on|phone&#8221; width=&#8221;500px&#8221; width_tablet=&#8221;82%&#8221; width_phone=&#8221;550px&#8221; width_last_edited=&#8221;on|phone&#8221; positioning_tablet=&#8221;&#8221; positioning_phone=&#8221;&#8221; positioning_last_edited=&#8221;on|phone&#8221;][\/et_pb_image][et_pb_text _builder_version=&#8221;4.9.4&#8243; _dynamic_attributes=&#8221;content&#8221; _module_preset=&#8221;default&#8221; text_font=&#8221;||||||||&#8221; text_text_color=&#8221;#FFFFFF&#8221; text_font_size=&#8221;3em&#8221; text_line_height=&#8221;1.2em&#8221; text_orientation=&#8221;center&#8221; width=&#8221;68%&#8221; width_tablet=&#8221;100%&#8221; width_phone=&#8221;90%&#8221; width_last_edited=&#8221;on|phone&#8221; module_alignment=&#8221;center&#8221; custom_margin=&#8221;|auto||auto|false|true&#8221; custom_padding=&#8221;||2px||false|false&#8221; text_font_size_tablet=&#8221;2.5em&#8221; text_font_size_phone=&#8221;2.2em&#8221; text_font_size_last_edited=&#8221;on|phone&#8221; header_font_size_tablet=&#8221;34px&#8221; header_font_size_phone=&#8221;28px&#8221;]@ET-DC@eyJkeW5hbWljIjp0cnVlLCJjb250ZW50IjoicG9zdF90aXRsZSIsInNldHRpbmdzIjp7ImJlZm9yZSI6IiIsImFmdGVyIjoiIn19@[\/et_pb_text][\/et_pb_column][et_pb_column type=&#8221;1_5&#8243; _builder_version=&#8221;4.9.4&#8243; _module_preset=&#8221;default&#8221; background_enable_image=&#8221;off&#8221; background_size=&#8221;contain&#8221; overflow-x=&#8221;visible&#8221; overflow-y=&#8221;visible&#8221; custom_padding=&#8221;|0px||0px|false|true&#8221; custom_padding_tablet=&#8221;|5%||5%|false|true&#8221; custom_padding_phone=&#8221;|0%||0%|false|true&#8221; custom_padding_last_edited=&#8221;on|phone&#8221;][\/et_pb_column][\/et_pb_row][\/et_pb_section][et_pb_section fb_built=&#8221;1&#8243; _builder_version=&#8221;4.9.4&#8243; _module_preset=&#8221;default&#8221; background_color=&#8221;#F8F8F8&#8243; z_index=&#8221;1000&#8243; min_height=&#8221;400px&#8221; overflow-x=&#8221;visible&#8221; overflow-y=&#8221;visible&#8221; custom_padding=&#8221;0px||0px||false|false&#8221;][et_pb_row column_structure=&#8221;1_2,1_2&#8243; _builder_version=&#8221;4.9.4&#8243; _module_preset=&#8221;default&#8221;][et_pb_column type=&#8221;1_2&#8243; _builder_version=&#8221;4.9.4&#8243; _module_preset=&#8221;default&#8221;][et_pb_text _builder_version=&#8221;4.9.4&#8243; _module_preset=&#8221;default&#8221;]<\/p>\n<p><span style=\"color: #000080;\">O trabalho do SCF se concentra em <strong>61 munic\u00edpios<\/strong> no bioma Cerrado que foram respons\u00e1veis por <a href=\"https:\/\/wbcsdpublications.org\/scf\/wp-content\/uploads\/2022\/11\/Soy_Dynamic_2021-22_AGROSATELITE_SCF_December_2022.pdf\" style=\"color: #000080;\">25,9%\u00a0de toda a soja plantada no local no ano-safra 2021\/2022<\/a>. Desde o ano-safra 2020\/21, a \u00e1rea total de soja nos nossos 61 munic\u00edpios-foco <strong>aumentou 5,7%<\/strong> no Cerrado. Isso se compara a um aumento de 7,4% na \u00e1rea de soja no mesmo per\u00edodo do ano anterior. A taxa comparativamente baixa de expans\u00e3o da soja em nossos munic\u00edpios-foco em compara\u00e7\u00e3o com o Cerrado indica que eles n\u00e3o s\u00e3o os principais contribuintes para a expans\u00e3o total da soja.<\/span><\/p>\n<p><span style=\"color: #000080;\">Ainda assim, a convers\u00e3o direta de vegeta\u00e7\u00e3o nativa para cultivo de soja se intensificou nos munic\u00edpios-foco durante o ano-safra 2021\/22, passando de 18.023 hectares em 2020 para 32.257 hectares em 2021. Essa convers\u00e3o direta de vegeta\u00e7\u00e3o nativa para cultivo de soja, em oposi\u00e7\u00e3o ao total de solos convertidos de qualquer prop\u00f3sito para a produ\u00e7\u00e3o de soja, apresenta a <strong>maior amea\u00e7a \u00e0 perda insubstitu\u00edvel de biodiversidade e ecossistemas<\/strong>. Nosso trabalho colaborativo busca abordar e evitar essas perdas por meio da prote\u00e7\u00e3o da vegeta\u00e7\u00e3o nativa e da <strong>promo\u00e7\u00e3o do cultivo sustent\u00e1vel de soja<\/strong>.<\/span><\/p>\n<p>[\/et_pb_text][\/et_pb_column][et_pb_column type=&#8221;1_2&#8243; _builder_version=&#8221;4.9.4&#8243; _module_preset=&#8221;default&#8221;][et_pb_text _builder_version=&#8221;4.9.4&#8243; _module_preset=&#8221;default&#8221;]<\/p>\n<p>&nbsp;<\/p>\n<p>&nbsp;<\/p>\n<p>[\/et_pb_text][et_pb_image src=&#8221;https:\/\/wbcsdpublications.org\/scf\/wp-content\/uploads\/2022\/12\/20211126_fellipeabreu_matogrosso_120312-1-scaled.jpg&#8221; title_text=&#8221;20211126_fellipeabreu_matogrosso_120312 (1)&#8221; _builder_version=&#8221;4.9.4&#8243; _module_preset=&#8221;default&#8221;][\/et_pb_image][\/et_pb_column][\/et_pb_row][et_pb_row column_structure=&#8221;1_2,1_2&#8243; make_equal=&#8221;on&#8221; disabled_on=&#8221;on|on|on&#8221; _builder_version=&#8221;4.9.4&#8243; _module_preset=&#8221;default&#8221; module_alignment=&#8221;center&#8221; custom_margin=&#8221;0px||0px||false|false&#8221; custom_padding=&#8221;0px||0px||false|false&#8221; disabled=&#8221;on&#8221;][et_pb_column type=&#8221;1_2&#8243; _builder_version=&#8221;4.9.4&#8243; _module_preset=&#8221;default&#8221;][et_pb_text _builder_version=&#8221;4.9.4&#8243; _module_preset=&#8221;default&#8221; text_text_color=&#8221;#00B140&#8243; text_font_size=&#8221;35px&#8221; width_tablet=&#8221;50%&#8221; width_phone=&#8221;100%&#8221; width_last_edited=&#8221;on|phone&#8221; module_alignment=&#8221;center&#8221; custom_margin=&#8221;||25px||false|false&#8221; text_orientation_tablet=&#8221;&#8221; text_orientation_phone=&#8221;center&#8221; text_orientation_last_edited=&#8221;on|phone&#8221; custom_css_main_element=&#8221;display:inline-flex;&#8221;]<strong>256<\/strong> hectares[\/et_pb_text][et_pb_text _builder_version=&#8221;4.9.4&#8243; _module_preset=&#8221;default&#8221; text_text_color=&#8221;#00B140&#8243; text_font_size=&#8221;35px&#8221; custom_margin=&#8221;||25px|23px|false|false&#8221; custom_css_main_element=&#8221;display:inline-flex;&#8221;]<strong>25<\/strong> municipalities[\/et_pb_text][et_pb_image src=&#8221;https:\/\/wbcsdpublications.org\/scf\/wp-content\/uploads\/2021\/06\/sustainable-transformation-vrt.png&#8221; alt=&#8221;sustainable transformation vertical&#8221; title_text=&#8221;sustainable transformation vertical&#8221; src_tablet=&#8221;&#8221; src_phone=&#8221;&#8221; src_last_edited=&#8221;on|tablet&#8221; disabled_on=&#8221;off|off|on&#8221; _builder_version=&#8221;4.9.4&#8243; _module_preset=&#8221;default&#8221;][\/et_pb_image][\/et_pb_column][et_pb_column type=&#8221;1_2&#8243; _builder_version=&#8221;4.9.4&#8243; _module_preset=&#8221;default&#8221;][et_pb_text _builder_version=&#8221;4.9.4&#8243; _module_preset=&#8221;default&#8221; text_text_color=&#8221;#008931&#8243; text_font_size=&#8221;31px&#8221; text_line_height=&#8221;1.2em&#8221; text_orientation=&#8221;center&#8221; custom_margin=&#8221;||25px|23px|false|false&#8221; custom_margin_tablet=&#8221;||40px|23px|false|false&#8221; custom_margin_phone=&#8221;&#8221; custom_margin_last_edited=&#8221;on|tablet&#8221;]sustainable transformation<br \/>\nof landscapes[\/et_pb_text][\/et_pb_column][\/et_pb_row][et_pb_row disabled_on=&#8221;on|on|off&#8221; _builder_version=&#8221;4.9.4&#8243; _module_preset=&#8221;default&#8221;][et_pb_column type=&#8221;4_4&#8243; _builder_version=&#8221;4.9.4&#8243; _module_preset=&#8221;default&#8221;][et_pb_image src=&#8221;https:\/\/wbcsdpublications.org\/scf\/wp-content\/uploads\/2021\/06\/sustainable-transformation-hrz.png&#8221; alt=&#8221;sustainable transformation&#8221; title_text=&#8221;sustainable transformation rz&#8221; src_tablet=&#8221;&#8221; src_phone=&#8221;&#8221; src_last_edited=&#8221;on|tablet&#8221; disabled_on=&#8221;on|on|on&#8221; _builder_version=&#8221;4.9.4&#8243; _module_preset=&#8221;default&#8221; custom_margin=&#8221;||42px|||&#8221; disabled=&#8221;on&#8221;][\/et_pb_image][\/et_pb_column][\/et_pb_row][\/et_pb_section][et_pb_section fb_built=&#8221;1&#8243; disabled_on=&#8221;off|off|off&#8221; module_id=&#8221;focus&#8221; _builder_version=&#8221;4.9.4&#8243; _module_preset=&#8221;default&#8221; z_index=&#8221;45&#8243; custom_padding=&#8221;||16px|||&#8221;][et_pb_row column_structure=&#8221;1_3,2_3&#8243; use_custom_gutter=&#8221;on&#8221; gutter_width=&#8221;1&#8243; _builder_version=&#8221;4.9.4&#8243; _module_preset=&#8221;default&#8221;][et_pb_column type=&#8221;1_3&#8243; _builder_version=&#8221;4.9.4&#8243; _module_preset=&#8221;default&#8221;][et_pb_image src=&#8221;https:\/\/wbcsdpublications.org\/scf\/wp-content\/uploads\/2021\/06\/map-cerrado-thumb.png&#8221; title_text=&#8221;map-cerrado-thumb&#8221; disabled_on=&#8221;on|off|off&#8221; _builder_version=&#8221;4.9.4&#8243; _module_preset=&#8221;default&#8221; transform_translate=&#8221;0px|-24px&#8221; transform_translate_linked=&#8221;off&#8221; positioning=&#8221;absolute&#8221; position_origin_a_tablet=&#8221;&#8221; position_origin_a_phone=&#8221;&#8221; position_origin_a_last_edited=&#8221;on|phone&#8221; position_origin_f_tablet=&#8221;&#8221; position_origin_f_phone=&#8221;&#8221; position_origin_f_last_edited=&#8221;on|phone&#8221; position_origin_r_tablet=&#8221;&#8221; position_origin_r_phone=&#8221;&#8221; position_origin_r_last_edited=&#8221;on|phone&#8221; width=&#8221;100%&#8221; positioning_tablet=&#8221;&#8221; positioning_phone=&#8221;relative&#8221; positioning_last_edited=&#8221;on|phone&#8221;][\/et_pb_image][et_pb_image src=&#8221;https:\/\/wbcsdpublications.org\/scf\/wp-content\/uploads\/2022\/07\/mappa-cerrado-noline.jpg&#8221; alt=&#8221;map cerrado&#8221; title_text=&#8221;map cerrado&#8221; disabled_on=&#8221;off|on|on&#8221; _builder_version=&#8221;4.9.4&#8243; _module_preset=&#8221;default&#8221; transform_translate=&#8221;0px|-24px&#8221; transform_translate_linked=&#8221;off&#8221; positioning=&#8221;absolute&#8221; position_origin_a_tablet=&#8221;&#8221; position_origin_a_phone=&#8221;&#8221; position_origin_a_last_edited=&#8221;on|phone&#8221; position_origin_f_tablet=&#8221;&#8221; position_origin_f_phone=&#8221;&#8221; position_origin_f_last_edited=&#8221;on|phone&#8221; position_origin_r_tablet=&#8221;&#8221; position_origin_r_phone=&#8221;&#8221; position_origin_r_last_edited=&#8221;on|phone&#8221; width=&#8221;100%&#8221; positioning_tablet=&#8221;&#8221; positioning_phone=&#8221;relative&#8221; positioning_last_edited=&#8221;on|phone&#8221;][\/et_pb_image][\/et_pb_column][et_pb_column type=&#8221;2_3&#8243; _builder_version=&#8221;4.9.4&#8243; _module_preset=&#8221;default&#8221; custom_padding=&#8221;|||38px|false|false&#8221; border_width_left=&#8221;3px&#8221; border_color_left=&#8221;#00B140&#8243;][et_pb_text _builder_version=&#8221;4.9.4&#8243; _module_preset=&#8221;default&#8221; text_font_size=&#8221;20px&#8221; header_2_text_align=&#8221;left&#8221; header_2_text_color=&#8221;#00B140&#8243; text_orientation=&#8221;center&#8221; custom_padding=&#8221;||9px|||&#8221;]<\/p>\n<h2>Cerrado Biome &#8211; Brazil<\/h2>\n<p>[\/et_pb_text][et_pb_text _builder_version=&#8221;4.9.4&#8243; _module_preset=&#8221;default&#8221; text_font_size=&#8221;18px&#8221; header_2_text_align=&#8221;center&#8221; header_2_text_color=&#8221;#00B140&#8243; header_3_text_align=&#8221;left&#8221; header_3_font_size=&#8221;29px&#8221; custom_margin=&#8221;||15px|||&#8221; custom_padding=&#8221;||0px|||&#8221;]<\/p>\n<h3>O mapa abaixo mostra os 61 munic\u00edpios-foco que fazem parte do nosso trabalho<\/h3>\n<p>[\/et_pb_text][et_pb_text _builder_version=&#8221;4.9.4&#8243; _module_preset=&#8221;default&#8221; text_font=&#8221;|300|on||||||&#8221; text_text_color=&#8221;#00B140&#8243; header_2_text_align=&#8221;left&#8221; header_2_text_color=&#8221;#00B140&#8243; link_option_url=&#8221;https:\/\/wbcsdpublications.org\/scf\/methodologies-and-references\/#list&#8221; text_text_color__hover_enabled=&#8221;on|hover&#8221; text_text_color__hover=&#8221;#008931&#8243;]<\/p>\n<p><span>Acesse a lista completa de munic\u00edpios em nossa se\u00e7\u00e3o <a href=\"https:\/\/wbcsdpublications.org\/scf\/pt\/metodologias-e-references-december-2022\/\">Metodologias e Refer\u00eancias<\/a><\/span><\/p>\n<p>[\/et_pb_text][\/et_pb_column][\/et_pb_row][\/et_pb_section][et_pb_section fb_built=&#8221;1&#8243; disabled_on=&#8221;off|off|off&#8221; _builder_version=&#8221;4.9.4&#8243; _module_preset=&#8221;default&#8221; custom_padding=&#8221;0px|||||&#8221;][et_pb_row _builder_version=&#8221;4.9.4&#8243; _module_preset=&#8221;default&#8221; width=&#8221;100%&#8221; custom_padding=&#8221;3px|||||&#8221;][et_pb_column type=&#8221;4_4&#8243; _builder_version=&#8221;4.9.4&#8243; _module_preset=&#8221;default&#8221;][et_pb_text _builder_version=&#8221;4.9.4&#8243; _module_preset=&#8221;default&#8221;]<div id=\"mapsvg-1674\" data-id=\"1674\" class=\"mapsvg\" data-autoload=\"true\" data-load-db=\"true\" data-loading-text=\"Loading map...\" style=\"width: 100%; height: 0; padding-bottom: 44.37%\"><\/div>[\/et_pb_text][\/et_pb_column][\/et_pb_row][\/et_pb_section]<\/p>\n","protected":false},"excerpt":{"rendered":"<p>O trabalho do SCF se concentra em 61 munic\u00edpios no bioma Cerrado que foram respons\u00e1veis por 25,9%\u00a0de toda a soja plantada no local no ano-safra 2021\/2022. Desde o ano-safra 2020\/21, a \u00e1rea total de soja nos nossos 61 munic\u00edpios-foco aumentou 5,7% no Cerrado. Isso se compara a um aumento de 7,4% na \u00e1rea de soja [&hellip;]<\/p>\n","protected":false},"author":6,"featured_media":394,"parent":0,"menu_order":19,"comment_status":"closed","ping_status":"closed","template":"","meta":{"_et_pb_use_builder":"on","_et_pb_old_content":"","_et_gb_content_width":"","mapsvg_location":"","footnotes":""},"class_list":["post-3564","page","type-page","status-publish","has-post-thumbnail","hentry"],"lang":"pt","translations":{"pt":3564,"en":4366},"pll_sync_post":[],"_links":{"self":[{"href":"https:\/\/wbcsdpublications.org\/scf\/wp-json\/wp\/v2\/pages\/3564","targetHints":{"allow":["GET"]}}],"collection":[{"href":"https:\/\/wbcsdpublications.org\/scf\/wp-json\/wp\/v2\/pages"}],"about":[{"href":"https:\/\/wbcsdpublications.org\/scf\/wp-json\/wp\/v2\/types\/page"}],"author":[{"embeddable":true,"href":"https:\/\/wbcsdpublications.org\/scf\/wp-json\/wp\/v2\/users\/6"}],"replies":[{"embeddable":true,"href":"https:\/\/wbcsdpublications.org\/scf\/wp-json\/wp\/v2\/comments?post=3564"}],"version-history":[{"count":5,"href":"https:\/\/wbcsdpublications.org\/scf\/wp-json\/wp\/v2\/pages\/3564\/revisions"}],"predecessor-version":[{"id":3831,"href":"https:\/\/wbcsdpublications.org\/scf\/wp-json\/wp\/v2\/pages\/3564\/revisions\/3831"}],"wp:featuredmedia":[{"embeddable":true,"href":"https:\/\/wbcsdpublications.org\/scf\/wp-json\/wp\/v2\/media\/394"}],"wp:attachment":[{"href":"https:\/\/wbcsdpublications.org\/scf\/wp-json\/wp\/v2\/media?parent=3564"}],"curies":[{"name":"wp","href":"https:\/\/api.w.org\/{rel}","templated":true}]}}