{"id":3597,"date":"2022-12-13T18:08:02","date_gmt":"2022-12-13T18:08:02","guid":{"rendered":"https:\/\/wbcsdpublications.org\/scf\/?page_id=3597"},"modified":"2023-11-28T16:13:54","modified_gmt":"2023-11-28T16:13:54","slug":"resumo-executivo-pt-december-2022","status":"publish","type":"page","link":"https:\/\/wbcsdpublications.org\/scf\/pt\/resumo-executivo-pt-december-2022\/","title":{"rendered":"Resumo executivo"},"content":{"rendered":"<p>[et_pb_section fb_built=&#8221;1&#8243; admin_label=&#8221;header&#8221; _builder_version=&#8221;4.16&#8243; _module_preset=&#8221;default&#8221; background_image=&#8221;https:\/\/wbcsdpublications.org\/scf\/wp-content\/uploads\/2021\/06\/Executive-summary-bg1-.jpg&#8221; z_index=&#8221;0&#8243; min_height=&#8221;440px&#8221; overflow-x=&#8221;hidden&#8221; overflow-y=&#8221;hidden&#8221; custom_margin=&#8221;168px||||false|false&#8221; custom_padding=&#8221;80px||0px||false|false&#8221; locked=&#8221;off&#8221; global_colors_info=&#8221;{}&#8221;][et_pb_row column_structure=&#8221;1_5,3_5,1_5&#8243; make_equal=&#8221;on&#8221; admin_label=&#8221;Row&#8221; _builder_version=&#8221;4.16&#8243; _module_preset=&#8221;default&#8221; min_height=&#8221;236px&#8221; custom_margin=&#8221;||||false|false&#8221; custom_padding=&#8221;||0px||false|false&#8221; global_colors_info=&#8221;{}&#8221;][et_pb_column type=&#8221;1_5&#8243; _builder_version=&#8221;4.16&#8243; _module_preset=&#8221;default&#8221; background_enable_image=&#8221;off&#8221; background_size=&#8221;contain&#8221; overflow-x=&#8221;visible&#8221; overflow-y=&#8221;visible&#8221; custom_padding=&#8221;|0px||0px|false|true&#8221; custom_padding_tablet=&#8221;|5%||5%|false|true&#8221; custom_padding_phone=&#8221;|0%||0%|false|true&#8221; custom_padding_last_edited=&#8221;on|phone&#8221; global_colors_info=&#8221;{}&#8221;][\/et_pb_column][et_pb_column type=&#8221;3_5&#8243; _builder_version=&#8221;4.16&#8243; _module_preset=&#8221;default&#8221; background_enable_image=&#8221;off&#8221; background_size=&#8221;contain&#8221; overflow-x=&#8221;visible&#8221; overflow-y=&#8221;visible&#8221; custom_padding=&#8221;44px|0px||0px|false|true&#8221; custom_padding_tablet=&#8221;|5%||5%|false|true&#8221; custom_padding_phone=&#8221;|0%||0%|false|true&#8221; custom_padding_last_edited=&#8221;on|phone&#8221; custom_css_main_element=&#8221;display:flex;||align-items: center&#8221; global_colors_info=&#8221;{}&#8221;][et_pb_image src=&#8221;https:\/\/wbcsdpublications.org\/scf\/wp-content\/uploads\/2021\/06\/circle-blue.png&#8221; title_text=&#8221;circle-blue&#8221; _builder_version=&#8221;4.16&#8243; _module_preset=&#8221;default&#8221; positioning=&#8221;absolute&#8221; position_origin_a=&#8221;bottom_center&#8221; vertical_offset=&#8221;-201px&#8221; horizontal_offset=&#8221;-31px&#8221; vertical_offset_tablet=&#8221;-254px&#8221; vertical_offset_phone=&#8221;&#8221; vertical_offset_last_edited=&#8221;on|tablet&#8221; position_origin_a_tablet=&#8221;&#8221; position_origin_a_phone=&#8221;center_left&#8221; position_origin_a_last_edited=&#8221;on|phone&#8221; position_origin_f_tablet=&#8221;&#8221; position_origin_f_phone=&#8221;&#8221; position_origin_f_last_edited=&#8221;on|phone&#8221; position_origin_r_tablet=&#8221;&#8221; position_origin_r_phone=&#8221;&#8221; position_origin_r_last_edited=&#8221;on|phone&#8221; width=&#8221;500px&#8221; width_tablet=&#8221;82%&#8221; width_phone=&#8221;550px&#8221; width_last_edited=&#8221;on|phone&#8221; positioning_tablet=&#8221;&#8221; positioning_phone=&#8221;&#8221; positioning_last_edited=&#8221;on|phone&#8221; global_colors_info=&#8221;{}&#8221;][\/et_pb_image][et_pb_text admin_label=&#8221;Text&#8221; _builder_version=&#8221;4.16&#8243; _dynamic_attributes=&#8221;content&#8221; _module_preset=&#8221;default&#8221; text_font=&#8221;||||||||&#8221; text_text_color=&#8221;#FFFFFF&#8221; text_font_size=&#8221;3em&#8221; text_line_height=&#8221;1.2em&#8221; text_orientation=&#8221;center&#8221; width=&#8221;68%&#8221; width_tablet=&#8221;100%&#8221; width_phone=&#8221;90%&#8221; width_last_edited=&#8221;on|phone&#8221; module_alignment=&#8221;center&#8221; custom_margin=&#8221;|auto||auto|false|true&#8221; custom_padding=&#8221;||2px||false|false&#8221; text_font_size_tablet=&#8221;2.5em&#8221; text_font_size_phone=&#8221;2.2em&#8221; text_font_size_last_edited=&#8221;on|phone&#8221; header_font_size_tablet=&#8221;34px&#8221; header_font_size_phone=&#8221;28px&#8221; global_colors_info=&#8221;{}&#8221;]@ET-DC@eyJkeW5hbWljIjp0cnVlLCJjb250ZW50IjoicG9zdF90aXRsZSIsInNldHRpbmdzIjp7ImJlZm9yZSI6IiIsImFmdGVyIjoiIn19@[\/et_pb_text][\/et_pb_column][et_pb_column type=&#8221;1_5&#8243; _builder_version=&#8221;4.16&#8243; _module_preset=&#8221;default&#8221; background_enable_image=&#8221;off&#8221; background_size=&#8221;contain&#8221; overflow-x=&#8221;visible&#8221; overflow-y=&#8221;visible&#8221; custom_padding=&#8221;|0px||0px|false|true&#8221; custom_padding_tablet=&#8221;|5%||5%|false|true&#8221; custom_padding_phone=&#8221;|0%||0%|false|true&#8221; custom_padding_last_edited=&#8221;on|phone&#8221; global_colors_info=&#8221;{}&#8221;][\/et_pb_column][\/et_pb_row][\/et_pb_section][et_pb_section fb_built=&#8221;1&#8243; _builder_version=&#8221;4.16&#8243; _module_preset=&#8221;default&#8221; background_color=&#8221;#F8F8F8&#8243; z_index=&#8221;1000&#8243; min_height=&#8221;400px&#8221; overflow-x=&#8221;visible&#8221; overflow-y=&#8221;visible&#8221; custom_padding=&#8221;48px||0px||false|false&#8221; locked=&#8221;off&#8221; global_colors_info=&#8221;{}&#8221;][et_pb_row column_structure=&#8221;1_2,1_2&#8243; make_equal=&#8221;on&#8221; _builder_version=&#8221;4.16&#8243; _module_preset=&#8221;default&#8221; module_alignment=&#8221;center&#8221; min_height=&#8221;400px&#8221; custom_margin=&#8221;0px|auto|-28px|auto|false|false&#8221; custom_padding=&#8221;|1px|0px||false|false&#8221; global_colors_info=&#8221;{}&#8221;][et_pb_column type=&#8221;1_2&#8243; _builder_version=&#8221;4.16&#8243; _module_preset=&#8221;default&#8221; global_colors_info=&#8221;{}&#8221;][et_pb_text _builder_version=&#8221;4.16&#8243; _module_preset=&#8221;default&#8221; width=&#8221;96.5%&#8221; min_height=&#8221;469.1px&#8221; custom_margin=&#8221;1px||-2px|||&#8221; custom_padding=&#8221;||18px|||&#8221; global_colors_info=&#8221;{}&#8221;]<\/p>\n<p><span style=\"color: #000080;\">O Soft Commodities Forum (SCF), hospedado pelo Conselho Empresarial Mundial para o Desenvolvimento Sustent\u00e1vel (WBCSD), <strong>permite a colabora\u00e7\u00e3o entre seis empresas l\u00edderes globais do agroneg\u00f3cio<\/strong> para identificar solu\u00e7\u00f5es para <strong>elimina\u00e7\u00e3o do desmatamento e da convers\u00e3o de vegeta\u00e7\u00e3o nativa<\/strong> para cultivo de soja no Cerrado brasileiro. O Cerrado \u00e9 a savana mais biodiversas do mundo, abrigando 5% das esp\u00e9cies de animais e plantas do planeta. O trabalho do SCF apoia a estrat\u00e9gia <strong><em>Vis\u00e3o 2050<\/em><\/strong> e o <strong><em>Plano do Setor Agr\u00edcola 1,5 \u00b0C<\/em><\/strong> no contexto da cadeia de valor da soja, contribuindo para um futuro com zero emiss\u00f5es l\u00edquidas de gases de efeito estufa (net-zero) e positivo para a natureza.<\/span><\/p>\n<p><span style=\"color: #000080;\">Este relat\u00f3rio descreve o progresso feito em rela\u00e7\u00e3o a essa meta. Nele, divulgamos as melhorias na <strong>rastreabilidade<\/strong> e no desempenho da soja livre de desmatamento e de convers\u00e3o (DCF) e detalhamos as <strong>estrat\u00e9gias de interven\u00e7\u00e3o<\/strong> na paisagem e um modelo de implementa\u00e7\u00e3o de incentivos financeiros para agricultores com o objetivo de influenciar o comportamento do produtor, evitando o desmatamento.<\/span><\/p>\n<p><span style=\"color: #000080;\">At\u00e9 <strong>dezembro de 2022<\/strong>, o SCF realizou as seguintes a\u00e7\u00f5es:<\/span><\/p>\n<p>[\/et_pb_text][\/et_pb_column][et_pb_column type=&#8221;1_2&#8243; _builder_version=&#8221;4.16&#8243; _module_preset=&#8221;default&#8221; background_image=&#8221;https:\/\/wbcsdpublications.org\/scf\/wp-content\/uploads\/2021\/12\/20211112_fellipeabreu_scf_115096-scaled.jpg&#8221; global_colors_info=&#8221;{}&#8221;][\/et_pb_column][\/et_pb_row][et_pb_row _builder_version=&#8221;4.16&#8243; _module_preset=&#8221;default&#8221; min_height=&#8221;488.2px&#8221; custom_padding=&#8221;23px|||||&#8221; global_colors_info=&#8221;{}&#8221;][et_pb_column type=&#8221;4_4&#8243; _builder_version=&#8221;4.16&#8243; _module_preset=&#8221;default&#8221; global_colors_info=&#8221;{}&#8221;][et_pb_text _builder_version=&#8221;4.16&#8243; _module_preset=&#8221;default&#8221; min_height=&#8221;186.6px&#8221; custom_margin=&#8221;28px||25px||false|false&#8221; custom_padding=&#8221;0px|||||&#8221; global_colors_info=&#8221;{}&#8221;]<\/p>\n<p><span style=\"color: #000080;\"><strong>Lan\u00e7amento da iniciativa <a href=\"https:\/\/wbcsdpublications.org\/scf\/wp-content\/uploads\/2022\/11\/Soft-Commodities-Forum_Farmer-First-Clusters_Poster_.pdf\">Produtores em Foco (PF),<\/a> uma estrat\u00e9gia de interven\u00e7\u00e3o na paisagem para preservar \u00e1reas priorit\u00e1rias do Cerrado<\/strong><strong>, que tem como foco os agricultores. <\/strong><\/span><\/p>\n<p><span style=\"color: #000080;\">As solu\u00e7\u00f5es paisag\u00edsticas da PF s\u00e3o focadas no oeste de Mato Grosso, sul do Maranh\u00e3o, oeste da Bahia e em Tocantins. A abordagem de implanta\u00e7\u00e3o da PF inclui \u00a0interven\u00e7\u00f5es na paisagem segundo a teoria da mudan\u00e7a desenvolvida pelo SCF, uma governan\u00e7a liderada por nosso rec\u00e9m-lan\u00e7ado Conselho de Paisagem do SCF, um or\u00e7amento inicial mantido pelo SCF e uma estrutura de investimento participativo, estrutura de monitoramento e avalia\u00e7\u00e3o, crit\u00e9rios de qualifica\u00e7\u00e3o e compromissos no n\u00edvel da fazenda.<\/span><\/p>\n<p><span style=\"color: #000080;\"><strong>Segunda divulga\u00e7\u00e3o de \u00e1rea de cultivo de soja livre de desmatamento e convers\u00e3o <\/strong><\/span><\/p>\n<p><span style=\"color: #000080;\">Os membros do SCF est\u00e3o divulgando atualiza\u00e7\u00f5es em seu desempenho individual dos volumes verificados de soja livre de desmatamento e convers\u00e3o (DCF) em rela\u00e7\u00e3o \u00e0 primeira divulga\u00e7\u00e3o de desempenho que ocorreu em junho de 2022. Os indicadores de desempenho relatam a soja obtida por membros individuais em 2021 nos 61 munic\u00edpios-alvo do SCF. Inclu\u00edmos outros indicadores para monitorar o desempenho de soja DCF em todos os 61 munic\u00edpios-alvo.<\/span><\/p>\n<p><span style=\"color: #000080;\"><strong>Melhoria da visibilidade do fornecimento indireto<\/strong><\/span><\/p>\n<p><span style=\"color: #000080;\">Os membros do SCF superaram a meta inicial de engajamento de fornecedores indiretos. Agora, eles est\u00e3o trabalhando com 14 fornecedores indiretos priorit\u00e1rios, incluindo revendedores, cooperativas e armaz\u00e9ns terceirizados, para estabelecer planos de a\u00e7\u00e3o conjuntos com o objetivo de aumentar a capacidade de monitoramento e avalia\u00e7\u00e3o de fornecedores indiretos. Esses planos de a\u00e7\u00e3o permitir\u00e3o que os membros realizem a auditoria da rastreabilidade do fornecimento indireto. Al\u00e9m disso, criamos um protocolo comum para verifica\u00e7\u00e3o de fornecedores indiretos por terceiros. Este relat\u00f3rio apresenta o protocolo e os principais marcos e metas de progresso.<\/span><\/p>\n<p><span style=\"color: #000080;\"><strong>Fortalecimento dos processos de presta\u00e7\u00e3o de contas<\/strong><\/span><\/p>\n<p><span style=\"color: #000080;\">Este relat\u00f3rio demonstra o progresso na presta\u00e7\u00e3o de contas em rela\u00e7\u00e3o aos dados ao informar que o desempenho de todos os fornecedores diretos membros do SCF \u00e9 verificado por meio de auditoria realizada por terceiros utilizando um protocolo comum de auditoria, conforme estabelecido no relat\u00f3rio de junho de 2022. Tamb\u00e9m criamos um protocolo para verifica\u00e7\u00e3o de fornecedores indiretos por terceiros. Esse protocolo \u00e9 o primeiro passo para a futura verifica\u00e7\u00e3o do desempenho de fornecedores indiretos. <\/span><\/p>\n<p>[\/et_pb_text][\/et_pb_column][\/et_pb_row][\/et_pb_section]<\/p>\n","protected":false},"excerpt":{"rendered":"<p>O Soft Commodities Forum (SCF), hospedado pelo Conselho Empresarial Mundial para o Desenvolvimento Sustent\u00e1vel (WBCSD), permite a colabora\u00e7\u00e3o entre seis empresas l\u00edderes globais do agroneg\u00f3cio para identificar solu\u00e7\u00f5es para elimina\u00e7\u00e3o do desmatamento e da convers\u00e3o de vegeta\u00e7\u00e3o nativa para cultivo de soja no Cerrado brasileiro. O Cerrado \u00e9 a savana mais biodiversas do mundo, abrigando [&hellip;]<\/p>\n","protected":false},"author":6,"featured_media":801,"parent":0,"menu_order":6,"comment_status":"closed","ping_status":"closed","template":"","meta":{"_et_pb_use_builder":"on","_et_pb_old_content":"","_et_gb_content_width":"","mapsvg_location":"","footnotes":""},"class_list":["post-3597","page","type-page","status-publish","has-post-thumbnail","hentry"],"lang":"pt","translations":{"pt":3597,"en":1698},"pll_sync_post":[],"_links":{"self":[{"href":"https:\/\/wbcsdpublications.org\/scf\/wp-json\/wp\/v2\/pages\/3597","targetHints":{"allow":["GET"]}}],"collection":[{"href":"https:\/\/wbcsdpublications.org\/scf\/wp-json\/wp\/v2\/pages"}],"about":[{"href":"https:\/\/wbcsdpublications.org\/scf\/wp-json\/wp\/v2\/types\/page"}],"author":[{"embeddable":true,"href":"https:\/\/wbcsdpublications.org\/scf\/wp-json\/wp\/v2\/users\/6"}],"replies":[{"embeddable":true,"href":"https:\/\/wbcsdpublications.org\/scf\/wp-json\/wp\/v2\/comments?post=3597"}],"version-history":[{"count":5,"href":"https:\/\/wbcsdpublications.org\/scf\/wp-json\/wp\/v2\/pages\/3597\/revisions"}],"predecessor-version":[{"id":4691,"href":"https:\/\/wbcsdpublications.org\/scf\/wp-json\/wp\/v2\/pages\/3597\/revisions\/4691"}],"wp:featuredmedia":[{"embeddable":true,"href":"https:\/\/wbcsdpublications.org\/scf\/wp-json\/wp\/v2\/media\/801"}],"wp:attachment":[{"href":"https:\/\/wbcsdpublications.org\/scf\/wp-json\/wp\/v2\/media?parent=3597"}],"curies":[{"name":"wp","href":"https:\/\/api.w.org\/{rel}","templated":true}]}}