{"id":4549,"date":"2023-11-27T18:13:11","date_gmt":"2023-11-27T18:13:11","guid":{"rendered":"https:\/\/wbcsdpublications.org\/scf\/?page_id=4549"},"modified":"2023-11-27T18:13:14","modified_gmt":"2023-11-27T18:13:14","slug":"resumo-executivo","status":"publish","type":"page","link":"https:\/\/wbcsdpublications.org\/scf\/pt\/relatorio-homepage-pt\/resumo-executivo\/","title":{"rendered":"Resumo Executivo"},"content":{"rendered":"<p>[et_pb_section fb_built=&#8221;1&#8243; admin_label=&#8221;header&#8221; _builder_version=&#8221;4.16&#8243; _module_preset=&#8221;default&#8221; background_image=&#8221;https:\/\/wbcsdpublications.org\/scf\/wp-content\/uploads\/2021\/06\/Executive-summary-bg1-.jpg&#8221; z_index=&#8221;0&#8243; min_height=&#8221;440px&#8221; overflow-x=&#8221;hidden&#8221; overflow-y=&#8221;hidden&#8221; custom_margin=&#8221;168px||||false|false&#8221; custom_padding=&#8221;80px||0px||false|false&#8221; locked=&#8221;off&#8221; global_colors_info=&#8221;{}&#8221;][et_pb_row column_structure=&#8221;1_5,3_5,1_5&#8243; make_equal=&#8221;on&#8221; admin_label=&#8221;Row&#8221; _builder_version=&#8221;4.16&#8243; _module_preset=&#8221;default&#8221; min_height=&#8221;236px&#8221; custom_margin=&#8221;||||false|false&#8221; custom_padding=&#8221;||0px||false|false&#8221; global_colors_info=&#8221;{}&#8221;][et_pb_column type=&#8221;1_5&#8243; _builder_version=&#8221;4.16&#8243; _module_preset=&#8221;default&#8221; background_enable_image=&#8221;off&#8221; background_size=&#8221;contain&#8221; overflow-x=&#8221;visible&#8221; overflow-y=&#8221;visible&#8221; custom_padding=&#8221;|0px||0px|false|true&#8221; custom_padding_tablet=&#8221;|5%||5%|false|true&#8221; custom_padding_phone=&#8221;|0%||0%|false|true&#8221; custom_padding_last_edited=&#8221;on|phone&#8221; global_colors_info=&#8221;{}&#8221;][\/et_pb_column][et_pb_column type=&#8221;3_5&#8243; _builder_version=&#8221;4.16&#8243; _module_preset=&#8221;default&#8221; background_enable_image=&#8221;off&#8221; background_size=&#8221;contain&#8221; overflow-x=&#8221;visible&#8221; overflow-y=&#8221;visible&#8221; custom_padding=&#8221;44px|0px||0px|false|true&#8221; custom_padding_tablet=&#8221;|5%||5%|false|true&#8221; custom_padding_phone=&#8221;|0%||0%|false|true&#8221; custom_padding_last_edited=&#8221;on|phone&#8221; custom_css_main_element=&#8221;display:flex;||align-items: center&#8221; global_colors_info=&#8221;{}&#8221;][et_pb_image src=&#8221;https:\/\/wbcsdpublications.org\/scf\/wp-content\/uploads\/2023\/08\/circle-olive.png&#8221; title_text=&#8221;circle-olive&#8221; _builder_version=&#8221;4.16&#8243; _module_preset=&#8221;default&#8221; positioning=&#8221;absolute&#8221; position_origin_a=&#8221;bottom_center&#8221; vertical_offset=&#8221;-201px&#8221; horizontal_offset=&#8221;-31px&#8221; vertical_offset_tablet=&#8221;-254px&#8221; vertical_offset_phone=&#8221;&#8221; vertical_offset_last_edited=&#8221;on|tablet&#8221; position_origin_a_tablet=&#8221;&#8221; position_origin_a_phone=&#8221;center_left&#8221; position_origin_a_last_edited=&#8221;on|phone&#8221; position_origin_f_tablet=&#8221;&#8221; position_origin_f_phone=&#8221;&#8221; position_origin_f_last_edited=&#8221;on|phone&#8221; position_origin_r_tablet=&#8221;&#8221; position_origin_r_phone=&#8221;&#8221; position_origin_r_last_edited=&#8221;on|phone&#8221; width=&#8221;500px&#8221; width_tablet=&#8221;82%&#8221; width_phone=&#8221;550px&#8221; width_last_edited=&#8221;on|phone&#8221; positioning_tablet=&#8221;&#8221; positioning_phone=&#8221;&#8221; positioning_last_edited=&#8221;on|phone&#8221; global_colors_info=&#8221;{}&#8221;][\/et_pb_image][et_pb_text _builder_version=&#8221;4.23.1&#8243; _dynamic_attributes=&#8221;content&#8221; _module_preset=&#8221;default&#8221; text_font=&#8221;||||||||&#8221; text_text_color=&#8221;#FFFFFF&#8221; text_font_size=&#8221;3em&#8221; text_line_height=&#8221;1.2em&#8221; text_orientation=&#8221;center&#8221; width=&#8221;68%&#8221; width_tablet=&#8221;100%&#8221; width_phone=&#8221;90%&#8221; width_last_edited=&#8221;on|phone&#8221; module_alignment=&#8221;center&#8221; custom_margin=&#8221;|auto||auto|false|true&#8221; custom_padding=&#8221;||2px||false|false&#8221; text_font_size_tablet=&#8221;2.5em&#8221; text_font_size_phone=&#8221;2.2em&#8221; text_font_size_last_edited=&#8221;on|phone&#8221; header_font_size_tablet=&#8221;34px&#8221; header_font_size_phone=&#8221;28px&#8221; global_colors_info=&#8221;{}&#8221;]@ET-DC@eyJkeW5hbWljIjp0cnVlLCJjb250ZW50IjoicG9zdF90aXRsZSIsInNldHRpbmdzIjp7ImJlZm9yZSI6IiIsImFmdGVyIjoiIn19@[\/et_pb_text][\/et_pb_column][et_pb_column type=&#8221;1_5&#8243; _builder_version=&#8221;4.16&#8243; _module_preset=&#8221;default&#8221; background_enable_image=&#8221;off&#8221; background_size=&#8221;contain&#8221; overflow-x=&#8221;visible&#8221; overflow-y=&#8221;visible&#8221; custom_padding=&#8221;|0px||0px|false|true&#8221; custom_padding_tablet=&#8221;|5%||5%|false|true&#8221; custom_padding_phone=&#8221;|0%||0%|false|true&#8221; custom_padding_last_edited=&#8221;on|phone&#8221; global_colors_info=&#8221;{}&#8221;][\/et_pb_column][\/et_pb_row][\/et_pb_section][et_pb_section fb_built=&#8221;1&#8243; _builder_version=&#8221;4.23.1&#8243; _module_preset=&#8221;default&#8221; background_color=&#8221;#F8F8F8&#8243; z_index=&#8221;1000&#8243; min_height=&#8221;400px&#8221; overflow-x=&#8221;visible&#8221; overflow-y=&#8221;visible&#8221; custom_padding=&#8221;48px||0px||false|false&#8221; locked=&#8221;off&#8221; global_colors_info=&#8221;{}&#8221;][et_pb_row column_structure=&#8221;1_2,1_2&#8243; make_equal=&#8221;on&#8221; _builder_version=&#8221;4.23.1&#8243; _module_preset=&#8221;default&#8221; module_alignment=&#8221;center&#8221; min_height=&#8221;292px&#8221; height=&#8221;361px&#8221; custom_margin=&#8221;0px|auto|-28px|auto|false|false&#8221; custom_padding=&#8221;|1px|0px||false|false&#8221; global_colors_info=&#8221;{}&#8221;][et_pb_column type=&#8221;1_2&#8243; _builder_version=&#8221;4.16&#8243; _module_preset=&#8221;default&#8221; global_colors_info=&#8221;{}&#8221;][et_pb_text _builder_version=&#8221;4.23.1&#8243; _module_preset=&#8221;default&#8221; text_text_color=&#8221;#2a2825&#8243; width=&#8221;96.5%&#8221; min_height=&#8221;469.1px&#8221; custom_margin=&#8221;1px||-2px|||&#8221; custom_padding=&#8221;||18px|||&#8221; global_colors_info=&#8221;{}&#8221;]<\/p>\n<div class=\"flex-1 overflow-hidden\">\n<div class=\"react-scroll-to-bottom--css-uqrjm-79elbk h-full\">\n<div class=\"react-scroll-to-bottom--css-uqrjm-1n7m0yu\">\n<div class=\"flex flex-col text-sm gizmo:pb-9 dark:bg-gray-800 gizmo:dark:bg-transparent\">\n<div class=\"w-full text-token-text-primary border-b border-black\/10 gizmo:border-0 dark:border-gray-900\/50 gizmo:dark:border-0 bg-gray-50 gizmo:bg-transparent dark:bg-[#444654] gizmo:dark:bg-transparent\" data-testid=\"conversation-turn-15\">\n<div class=\"p-4 gizmo:py-2 justify-center text-base md:gap-6 md:py-6 m-auto\">\n<div class=\"flex flex-1 gap-4 text-base mx-auto md:gap-6 gizmo:gap-3 gizmo:md:px-5 gizmo:lg:px-1 gizmo:xl:px-5 md:max-w-2xl lg:max-w-[38rem] gizmo:md:max-w-3xl gizmo:lg:max-w-[40rem] gizmo:xl:max-w-[48rem] xl:max-w-3xl } group final-completion\">\n<div class=\"relative flex w-[calc(100%-50px)] flex-col gizmo:w-full lg:w-[calc(100%-115px)] agent-turn\">\n<div class=\"flex-col gap-1 md:gap-3\">\n<div class=\"flex flex-grow flex-col max-w-full gap-3 gizmo:gap-0\">\n<div data-message-author-role=\"assistant\" data-message-id=\"464411f3-1a86-4c45-94cf-6518d1aa9557\" class=\"min-h-[20px] text-message flex flex-col items-start gap-3 whitespace-pre-wrap break-words [.text-message+&amp;]:mt-5 overflow-x-auto\">\n<div class=\"markdown prose w-full break-words dark:prose-invert light\">\n<p>O Soft Commodities Forum (SCF), hospedado pelo C<a href=\"https:\/\/www.wbcsd.org\/\">onselho Empresarial Mundial para o Desenvolvimento Sustent\u00e1vel (WBCSD),<\/a> permite a colabora\u00e7\u00e3o entre seis empresas l\u00edderes globais do agroneg\u00f3cio para identificar solu\u00e7\u00f5es para elimina\u00e7\u00e3o do desmatamento e da convers\u00e3o de vegeta\u00e7\u00e3o nativa para cultivo de soja no Cerrado brasileiro.<\/p>\n<p>Nossos destaques de progresso de dezembro de 2022 a novembro de 2023 incluem:<\/p>\n<p>&nbsp;<\/p>\n<\/div>\n<\/div>\n<\/div>\n<\/div>\n<\/div>\n<\/div>\n<\/div>\n<\/div>\n<\/div>\n<\/div>\n<\/div>\n<\/div>\n<p>[\/et_pb_text][\/et_pb_column][et_pb_column type=&#8221;1_2&#8243; _builder_version=&#8221;4.16&#8243; _module_preset=&#8221;default&#8221; background_image=&#8221;https:\/\/wbcsdpublications.org\/scf\/wp-content\/uploads\/2021\/12\/20211112_fellipeabreu_scf_115096-scaled.jpg&#8221; global_colors_info=&#8221;{}&#8221;][et_pb_image src=&#8221;https:\/\/wbcsdpublications.org\/scf\/wp-content\/uploads\/2023\/11\/GettyImages-1354711517-scaled.jpg&#8221; title_text=&#8221;Soybean cultivation area at a newly planted stage, with farm planting lines&#8221; _builder_version=&#8221;4.23.1&#8243; _module_preset=&#8221;default&#8221; global_colors_info=&#8221;{}&#8221;][\/et_pb_image][\/et_pb_column][\/et_pb_row][et_pb_row _builder_version=&#8221;4.16&#8243; _module_preset=&#8221;default&#8221; min_height=&#8221;488.2px&#8221; custom_padding=&#8221;23px|||||&#8221; global_colors_info=&#8221;{}&#8221;][et_pb_column type=&#8221;4_4&#8243; _builder_version=&#8221;4.16&#8243; _module_preset=&#8221;default&#8221; global_colors_info=&#8221;{}&#8221;][et_pb_text admin_label=&#8221;Text&#8221; _builder_version=&#8221;4.23.1&#8243; _module_preset=&#8221;default&#8221; min_height=&#8221;94.6px&#8221; custom_margin=&#8221;28px||25px||false|false&#8221; custom_padding=&#8221;0px|||||&#8221; global_colors_info=&#8221;{}&#8221;]<\/p>\n<div class=\"flex-1 overflow-hidden\">\n<div class=\"react-scroll-to-bottom--css-uqrjm-79elbk h-full\">\n<div class=\"react-scroll-to-bottom--css-uqrjm-1n7m0yu\">\n<div class=\"flex flex-col text-sm gizmo:pb-9 dark:bg-gray-800 gizmo:dark:bg-transparent\">\n<div class=\"w-full text-token-text-primary border-b border-black\/10 gizmo:border-0 dark:border-gray-900\/50 gizmo:dark:border-0 bg-gray-50 gizmo:bg-transparent dark:bg-[#444654] gizmo:dark:bg-transparent\" data-testid=\"conversation-turn-25\">\n<div class=\"p-4 gizmo:py-2 justify-center text-base md:gap-6 md:py-6 m-auto\">\n<div class=\"flex flex-1 gap-4 text-base mx-auto md:gap-6 gizmo:gap-3 gizmo:md:px-5 gizmo:lg:px-1 gizmo:xl:px-5 md:max-w-2xl lg:max-w-[38rem] gizmo:md:max-w-3xl gizmo:lg:max-w-[40rem] gizmo:xl:max-w-[48rem] xl:max-w-3xl } group final-completion\">\n<div class=\"relative flex w-[calc(100%-50px)] flex-col gizmo:w-full lg:w-[calc(100%-115px)] agent-turn\">\n<div class=\"flex-col gap-1 md:gap-3\">\n<div class=\"flex flex-grow flex-col max-w-full gap-3 gizmo:gap-0\">\n<div class=\"min-h-[20px] text-message flex flex-col items-start gap-3 whitespace-pre-wrap break-words [.text-message+&amp;]:mt-5 overflow-x-auto\" data-message-author-role=\"assistant\" data-message-id=\"5e2a2dcc-7444-410e-b95e-6754efdfb5d1\">\n<div class=\"markdown prose w-full break-words dark:prose-invert light\" style=\"color: black;\">\n<p><strong>Divulga\u00e7\u00e3o de origem da soja livre de desmatamento e convers\u00e3o (DCF)<\/strong><\/p>\n<p>O relat\u00f3rio deste ano apresenta a segunda rodada de divulga\u00e7\u00f5es dos valores DCF para os volumes de soja originados nos 61 munic\u00edpios-foco do SCF. A auditoria por terceiros para aquisi\u00e7\u00f5es diretas e indiretas foi adotada, fortalecendo a precis\u00e3o e confiabilidade dos dados. O progresso dos membros do SCF em rela\u00e7\u00e3o ao desempenho DCF nos 61 munic\u00edpios-foco \u00e9 apresentado na se\u00e7\u00e3o de Monitoramento de Uso da Terra deste relat\u00f3rio.<\/p>\n<p><strong>Engajamento de fornecedores indiretos<\/strong><\/p>\n<p>Reconhecendo o papel fundamental do engajamento com fornecedores indiretos em nossa jornada em dire\u00e7\u00e3o \u00e0 rastreabilidade e garantia de origem da soja DCF, temos enfatizado fortemente a acelera\u00e7\u00e3o do engajamento com fornecedores indiretos. Nossa abordagem estruturada de tr\u00eas etapas envolve conscientiza\u00e7\u00e3o, avalia\u00e7\u00e3o de capacidade e desenvolvimento de planos de a\u00e7\u00e3o. Materiais de treinamento e uma s\u00e9rie de webinars foram disponibilizados para promover pr\u00e1ticas DCF para 35 fornecedores indiretos. Em 2023, conseguimos engajar com sucesso 21 fornecedores indiretos, classificados por n\u00edveis de maturidade (Classe A, B ou C).<\/p>\n<p><strong>Parceria refor\u00e7ada com o Consumer Goods Forum e renova\u00e7\u00e3o do Grupo Consultivo<\/strong><\/p>\n<p>O SCF busca um engajamento significativo com v\u00e1rios stakeholders importantes, incluindo a Coaliz\u00e3o Forest Positive do Consumer Goods Forum (CGF FCP). Juntos, o SCF e a CGF FPC est\u00e3o investindo em solu\u00e7\u00f5es m\u00fatuas que contribuem para o surgimento de paisagens produtivas e positivas para as florestas. O SCF tamb\u00e9m ampliou seu Grupo Consultivo para abranger um conjunto diversificado de especialidades, incluindo contabilidade de carbono, engajamento de produtores e abordagens de capta\u00e7\u00e3o de recursos.<\/p>\n<p><strong>A <a href=\"https:\/\/wbcsdpublications.org\/scf\/wp-content\/uploads\/2022\/11\/Soft-Commodities-Forum_Farmer-First-Clusters_Poster_.pdf\">iniciativa Produtores em Foco (FFC)<\/a> divulga resultados iniciais sobre o engajamento de produtores<\/strong><\/p>\n<p>Ap\u00f3s uma extensa fase de design ao longo de 2023, o SCF iniciou a implementa\u00e7\u00e3o de seu trabalho de financiamento de paisagens e tem orgulho em anunciar que desde Novembro de 2023 mais de 20 produtores, representando 144,365 hectares, se inscreveram na iniciativa Produtores em Foco.<\/p>\n<\/div>\n<\/div>\n<\/div>\n<\/div>\n<\/div>\n<\/div>\n<\/div>\n<\/div>\n<\/div>\n<\/div>\n<\/div>\n<\/div>\n<p>[\/et_pb_text][et_pb_button button_url=&#8221;@ET-DC@eyJkeW5hbWljIjp0cnVlLCJjb250ZW50IjoicG9zdF9saW5rX3VybF9wYWdlIiwic2V0dGluZ3MiOnsicG9zdF9pZCI6IjQzMzkifX0=@&#8221; button_text=&#8221;See member companies&#8221; button_alignment=&#8221;left&#8221; _builder_version=&#8221;4.23.1&#8243; _dynamic_attributes=&#8221;button_url&#8221; _module_preset=&#8221;default&#8221; button_text_size=&#8221;22px&#8221; button_text_color=&#8221;#f8781e&#8221; button_bg_color=&#8221;RGBA(0,0,0,0)&#8221; button_font=&#8221;|300|||||||&#8221; button_use_icon=&#8221;on&#8221; button_icon=&#8221;&#x39;||divi||400&#8243; button_on_hover=&#8221;off&#8221; custom_margin=&#8221;||56px||false|false&#8221; custom_margin_tablet=&#8221;||-1px||false|false&#8221; custom_margin_phone=&#8221;&#8221; custom_margin_last_edited=&#8221;on|tablet&#8221; custom_padding=&#8221;5px|5px|5px|5px|false|true&#8221; global_colors_info=&#8221;{}&#8221; button_bg_color__hover_enabled=&#8221;on|hover&#8221; button_bg_color__hover=&#8221;RGBA(0,0,0,0)&#8221;][\/et_pb_button][\/et_pb_column][\/et_pb_row][\/et_pb_section]<\/p>\n","protected":false},"excerpt":{"rendered":"<p>O Soft Commodities Forum (SCF), hospedado pelo Conselho Empresarial Mundial para o Desenvolvimento Sustent\u00e1vel (WBCSD), permite a colabora\u00e7\u00e3o entre seis empresas l\u00edderes globais do agroneg\u00f3cio para identificar solu\u00e7\u00f5es para elimina\u00e7\u00e3o do desmatamento e da convers\u00e3o de vegeta\u00e7\u00e3o nativa para cultivo de soja no Cerrado brasileiro. Nossos destaques de progresso de dezembro de 2022 a novembro [&hellip;]<\/p>\n","protected":false},"author":8,"featured_media":0,"parent":3548,"menu_order":0,"comment_status":"closed","ping_status":"closed","template":"","meta":{"_et_pb_use_builder":"on","_et_pb_old_content":"","_et_gb_content_width":"","mapsvg_location":"","footnotes":""},"class_list":["post-4549","page","type-page","status-publish","hentry"],"lang":"pt","translations":{"pt":4549,"en":4130},"pll_sync_post":[],"_links":{"self":[{"href":"https:\/\/wbcsdpublications.org\/scf\/wp-json\/wp\/v2\/pages\/4549","targetHints":{"allow":["GET"]}}],"collection":[{"href":"https:\/\/wbcsdpublications.org\/scf\/wp-json\/wp\/v2\/pages"}],"about":[{"href":"https:\/\/wbcsdpublications.org\/scf\/wp-json\/wp\/v2\/types\/page"}],"author":[{"embeddable":true,"href":"https:\/\/wbcsdpublications.org\/scf\/wp-json\/wp\/v2\/users\/8"}],"replies":[{"embeddable":true,"href":"https:\/\/wbcsdpublications.org\/scf\/wp-json\/wp\/v2\/comments?post=4549"}],"version-history":[{"count":5,"href":"https:\/\/wbcsdpublications.org\/scf\/wp-json\/wp\/v2\/pages\/4549\/revisions"}],"predecessor-version":[{"id":4558,"href":"https:\/\/wbcsdpublications.org\/scf\/wp-json\/wp\/v2\/pages\/4549\/revisions\/4558"}],"up":[{"embeddable":true,"href":"https:\/\/wbcsdpublications.org\/scf\/wp-json\/wp\/v2\/pages\/3548"}],"wp:attachment":[{"href":"https:\/\/wbcsdpublications.org\/scf\/wp-json\/wp\/v2\/media?parent=4549"}],"curies":[{"name":"wp","href":"https:\/\/api.w.org\/{rel}","templated":true}]}}