{"id":4566,"date":"2023-11-27T18:26:58","date_gmt":"2023-11-27T18:26:58","guid":{"rendered":"https:\/\/wbcsdpublications.org\/scf\/?page_id=4566"},"modified":"2023-11-27T18:27:01","modified_gmt":"2023-11-27T18:27:01","slug":"onde-trabalhamos","status":"publish","type":"page","link":"https:\/\/wbcsdpublications.org\/scf\/pt\/relatorio-homepage-pt\/onde-trabalhamos\/","title":{"rendered":"Onde trabalhamos"},"content":{"rendered":"<p>[et_pb_section fb_built=&#8221;1&#8243; admin_label=&#8221;header&#8221; _builder_version=&#8221;4.16&#8243; _module_preset=&#8221;default&#8221; background_image=&#8221;https:\/\/wbcsdpublications.org\/scf\/wp-content\/uploads\/2021\/06\/Where-we-work-bg1.jpg&#8221; z_index=&#8221;0&#8243; min_height=&#8221;440px&#8221; overflow-x=&#8221;hidden&#8221; overflow-y=&#8221;hidden&#8221; custom_margin=&#8221;168px||||false|false&#8221; custom_padding=&#8221;80px||0px||false|false&#8221; locked=&#8221;off&#8221; global_colors_info=&#8221;{}&#8221; theme_builder_area=&#8221;post_content&#8221;][et_pb_row column_structure=&#8221;1_5,3_5,1_5&#8243; make_equal=&#8221;on&#8221; admin_label=&#8221;Row&#8221; _builder_version=&#8221;4.16&#8243; _module_preset=&#8221;default&#8221; min_height=&#8221;236px&#8221; custom_margin=&#8221;||||false|false&#8221; custom_padding=&#8221;||0px||false|false&#8221; global_colors_info=&#8221;{}&#8221; theme_builder_area=&#8221;post_content&#8221;][et_pb_column type=&#8221;1_5&#8243; _builder_version=&#8221;4.16&#8243; _module_preset=&#8221;default&#8221; background_enable_image=&#8221;off&#8221; background_size=&#8221;contain&#8221; overflow-x=&#8221;visible&#8221; overflow-y=&#8221;visible&#8221; custom_padding=&#8221;|0px||0px|false|true&#8221; custom_padding_tablet=&#8221;|5%||5%|false|true&#8221; custom_padding_phone=&#8221;|0%||0%|false|true&#8221; custom_padding_last_edited=&#8221;on|phone&#8221; global_colors_info=&#8221;{}&#8221; theme_builder_area=&#8221;post_content&#8221;][\/et_pb_column][et_pb_column type=&#8221;3_5&#8243; _builder_version=&#8221;4.16&#8243; _module_preset=&#8221;default&#8221; background_enable_image=&#8221;off&#8221; background_size=&#8221;contain&#8221; overflow-x=&#8221;visible&#8221; overflow-y=&#8221;visible&#8221; custom_padding=&#8221;44px|0px||0px|false|true&#8221; custom_padding_tablet=&#8221;|5%||5%|false|true&#8221; custom_padding_phone=&#8221;|0%||0%|false|true&#8221; custom_padding_last_edited=&#8221;on|phone&#8221; custom_css_main_element=&#8221;display:flex;||align-items: center&#8221; global_colors_info=&#8221;{}&#8221; theme_builder_area=&#8221;post_content&#8221;][et_pb_image src=&#8221;https:\/\/wbcsdpublications.org\/scf\/wp-content\/uploads\/2023\/08\/circle-olive.png&#8221; title_text=&#8221;circle-olive&#8221; _builder_version=&#8221;4.23.1&#8243; _module_preset=&#8221;default&#8221; positioning=&#8221;absolute&#8221; position_origin_a=&#8221;bottom_center&#8221; vertical_offset=&#8221;-201px&#8221; horizontal_offset=&#8221;-31px&#8221; vertical_offset_tablet=&#8221;-254px&#8221; vertical_offset_phone=&#8221;&#8221; vertical_offset_last_edited=&#8221;on|tablet&#8221; position_origin_a_tablet=&#8221;&#8221; position_origin_a_phone=&#8221;center_left&#8221; position_origin_a_last_edited=&#8221;on|phone&#8221; position_origin_f_tablet=&#8221;&#8221; position_origin_f_phone=&#8221;&#8221; position_origin_f_last_edited=&#8221;on|phone&#8221; position_origin_r_tablet=&#8221;&#8221; position_origin_r_phone=&#8221;&#8221; position_origin_r_last_edited=&#8221;on|phone&#8221; width=&#8221;500px&#8221; width_tablet=&#8221;82%&#8221; width_phone=&#8221;550px&#8221; width_last_edited=&#8221;on|phone&#8221; positioning_tablet=&#8221;&#8221; positioning_phone=&#8221;&#8221; positioning_last_edited=&#8221;on|phone&#8221; global_colors_info=&#8221;{}&#8221; theme_builder_area=&#8221;post_content&#8221;][\/et_pb_image][et_pb_text _builder_version=&#8221;4.23.1&#8243; _dynamic_attributes=&#8221;content&#8221; _module_preset=&#8221;default&#8221; text_font=&#8221;||||||||&#8221; text_text_color=&#8221;#FFFFFF&#8221; text_font_size=&#8221;3em&#8221; text_line_height=&#8221;1.2em&#8221; text_orientation=&#8221;center&#8221; width=&#8221;68%&#8221; width_tablet=&#8221;100%&#8221; width_phone=&#8221;90%&#8221; width_last_edited=&#8221;on|phone&#8221; module_alignment=&#8221;center&#8221; custom_margin=&#8221;|auto||auto|false|true&#8221; custom_padding=&#8221;||2px||false|false&#8221; hover_enabled=&#8221;0&#8243; text_font_size_tablet=&#8221;2.5em&#8221; text_font_size_phone=&#8221;2.2em&#8221; text_font_size_last_edited=&#8221;on|phone&#8221; header_font_size_tablet=&#8221;34px&#8221; header_font_size_phone=&#8221;28px&#8221; global_colors_info=&#8221;{}&#8221; theme_builder_area=&#8221;post_content&#8221; sticky_enabled=&#8221;0&#8243;]@ET-DC@eyJkeW5hbWljIjp0cnVlLCJjb250ZW50IjoicG9zdF90aXRsZSIsInNldHRpbmdzIjp7ImJlZm9yZSI6IiIsImFmdGVyIjoiIn19@[\/et_pb_text][\/et_pb_column][et_pb_column type=&#8221;1_5&#8243; _builder_version=&#8221;4.16&#8243; _module_preset=&#8221;default&#8221; background_enable_image=&#8221;off&#8221; background_size=&#8221;contain&#8221; overflow-x=&#8221;visible&#8221; overflow-y=&#8221;visible&#8221; custom_padding=&#8221;|0px||0px|false|true&#8221; custom_padding_tablet=&#8221;|5%||5%|false|true&#8221; custom_padding_phone=&#8221;|0%||0%|false|true&#8221; custom_padding_last_edited=&#8221;on|phone&#8221; global_colors_info=&#8221;{}&#8221; theme_builder_area=&#8221;post_content&#8221;][\/et_pb_column][\/et_pb_row][\/et_pb_section][et_pb_section fb_built=&#8221;1&#8243; disabled_on=&#8221;off|off|off&#8221; module_id=&#8221;focus&#8221; _builder_version=&#8221;4.16&#8243; _module_preset=&#8221;default&#8221; z_index=&#8221;45&#8243; min_height=&#8221;135.4px&#8221; custom_padding=&#8221;||16px|||&#8221; global_colors_info=&#8221;{}&#8221; theme_builder_area=&#8221;post_content&#8221;][et_pb_row column_structure=&#8221;1_3,2_3&#8243; use_custom_gutter=&#8221;on&#8221; gutter_width=&#8221;1&#8243; _builder_version=&#8221;4.16&#8243; _module_preset=&#8221;default&#8221; min_height=&#8221;250.5px&#8221; global_colors_info=&#8221;{}&#8221; theme_builder_area=&#8221;post_content&#8221;][et_pb_column type=&#8221;1_3&#8243; _builder_version=&#8221;4.16&#8243; _module_preset=&#8221;default&#8221; global_colors_info=&#8221;{}&#8221; theme_builder_area=&#8221;post_content&#8221;][et_pb_image src=&#8221;https:\/\/wbcsdpublications.org\/scf\/wp-content\/uploads\/2021\/06\/map-cerrado-thumb.png&#8221; title_text=&#8221;map-cerrado-thumb&#8221; disabled_on=&#8221;on|off|off&#8221; _builder_version=&#8221;4.23.1&#8243; _module_preset=&#8221;default&#8221; transform_translate=&#8221;0px|-24px&#8221; transform_translate_linked=&#8221;off&#8221; positioning=&#8221;absolute&#8221; position_origin_a_tablet=&#8221;&#8221; position_origin_a_phone=&#8221;&#8221; position_origin_a_last_edited=&#8221;on|phone&#8221; position_origin_f_tablet=&#8221;&#8221; position_origin_f_phone=&#8221;&#8221; position_origin_f_last_edited=&#8221;on|phone&#8221; position_origin_r_tablet=&#8221;&#8221; position_origin_r_phone=&#8221;&#8221; position_origin_r_last_edited=&#8221;on|phone&#8221; width=&#8221;100%&#8221; positioning_tablet=&#8221;&#8221; positioning_phone=&#8221;relative&#8221; positioning_last_edited=&#8221;on|phone&#8221; global_colors_info=&#8221;{}&#8221; theme_builder_area=&#8221;post_content&#8221;][\/et_pb_image][et_pb_image src=&#8221;https:\/\/wbcsdpublications.org\/scf\/wp-content\/uploads\/2022\/07\/mappa-cerrado-noline.jpg&#8221; alt=&#8221;map cerrado&#8221; title_text=&#8221;map cerrado&#8221; disabled_on=&#8221;off|on|on&#8221; _builder_version=&#8221;4.23.1&#8243; _module_preset=&#8221;default&#8221; transform_translate=&#8221;0px|-24px&#8221; transform_translate_linked=&#8221;off&#8221; positioning=&#8221;absolute&#8221; position_origin_a_tablet=&#8221;&#8221; position_origin_a_phone=&#8221;&#8221; position_origin_a_last_edited=&#8221;on|phone&#8221; position_origin_f_tablet=&#8221;&#8221; position_origin_f_phone=&#8221;&#8221; position_origin_f_last_edited=&#8221;on|phone&#8221; position_origin_r_tablet=&#8221;&#8221; position_origin_r_phone=&#8221;&#8221; position_origin_r_last_edited=&#8221;on|phone&#8221; width=&#8221;100%&#8221; positioning_tablet=&#8221;&#8221; positioning_phone=&#8221;relative&#8221; positioning_last_edited=&#8221;on|phone&#8221; global_colors_info=&#8221;{}&#8221; theme_builder_area=&#8221;post_content&#8221;][\/et_pb_image][\/et_pb_column][et_pb_column type=&#8221;2_3&#8243; _builder_version=&#8221;4.16&#8243; _module_preset=&#8221;default&#8221; custom_padding=&#8221;|||38px|false|false&#8221; border_width_left=&#8221;3px&#8221; border_color_left=&#8221;#00B140&#8243; global_colors_info=&#8221;{}&#8221; theme_builder_area=&#8221;post_content&#8221;][et_pb_text _builder_version=&#8221;4.23.1&#8243; _module_preset=&#8221;default&#8221; text_font_size=&#8221;20px&#8221; header_2_text_align=&#8221;left&#8221; header_2_text_color=&#8221;#00B140&#8243; text_orientation=&#8221;center&#8221; custom_padding=&#8221;||9px|||&#8221; hover_enabled=&#8221;0&#8243; global_colors_info=&#8221;{}&#8221; theme_builder_area=&#8221;post_content&#8221; sticky_enabled=&#8221;0&#8243;]<\/p>\n<h2><span style=\"color: #61704b;\">Bioma do Cerrado &#8211; Brasil<\/span><\/h2>\n<p>[\/et_pb_text][et_pb_text _builder_version=&#8221;4.23.1&#8243; _module_preset=&#8221;default&#8221; text_font_size=&#8221;18px&#8221; header_2_text_align=&#8221;center&#8221; header_2_text_color=&#8221;#00B140&#8243; header_3_text_align=&#8221;left&#8221; header_3_font_size=&#8221;29px&#8221; custom_margin=&#8221;||15px|||&#8221; custom_padding=&#8221;||0px|||&#8221; hover_enabled=&#8221;0&#8243; global_colors_info=&#8221;{}&#8221; theme_builder_area=&#8221;post_content&#8221; sticky_enabled=&#8221;0&#8243;]<\/p>\n<h3>O mapa abaixo mostra os 61 munic\u00edpios-foco do Soft Commodities Forum\u00a0<\/h3>\n<p>[\/et_pb_text][\/et_pb_column][\/et_pb_row][\/et_pb_section][et_pb_section fb_built=&#8221;1&#8243; disabled_on=&#8221;off|off|off&#8221; _builder_version=&#8221;4.16&#8243; _module_preset=&#8221;default&#8221; custom_padding=&#8221;0px|||||&#8221; global_colors_info=&#8221;{}&#8221; theme_builder_area=&#8221;post_content&#8221;][et_pb_row _builder_version=&#8221;4.16&#8243; _module_preset=&#8221;default&#8221; width=&#8221;100%&#8221; custom_padding=&#8221;3px|||||&#8221; global_colors_info=&#8221;{}&#8221; theme_builder_area=&#8221;post_content&#8221;][et_pb_column type=&#8221;4_4&#8243; _builder_version=&#8221;4.16&#8243; _module_preset=&#8221;default&#8221; global_colors_info=&#8221;{}&#8221; theme_builder_area=&#8221;post_content&#8221;][et_pb_text _builder_version=&#8221;4.23.1&#8243; _module_preset=&#8221;default&#8221; hover_enabled=&#8221;0&#8243; global_colors_info=&#8221;{}&#8221; theme_builder_area=&#8221;post_content&#8221; sticky_enabled=&#8221;0&#8243;]<\/p>\n<div id=\"mapsvg-1674\" data-id=\"1674\" class=\"mapsvg\" data-autoload=\"true\" data-load-db=\"true\" data-loading-text=\"Loading map...\" style=\"width: 100%; height: 0; padding-bottom: 44.37%\"><\/div>\n<p>[\/et_pb_text][\/et_pb_column][\/et_pb_row][\/et_pb_section][et_pb_section fb_built=&#8221;1&#8243; _builder_version=&#8221;4.16&#8243; _module_preset=&#8221;default&#8221; custom_padding=&#8221;0px|||||&#8221; global_colors_info=&#8221;{}&#8221; theme_builder_area=&#8221;post_content&#8221;][et_pb_row _builder_version=&#8221;4.23.1&#8243; _module_preset=&#8221;default&#8221; min_height=&#8221;103.9px&#8221; custom_margin=&#8221;|auto|-40px|auto||&#8221; global_colors_info=&#8221;{}&#8221; theme_builder_area=&#8221;post_content&#8221;][et_pb_column type=&#8221;4_4&#8243; _builder_version=&#8221;4.23.1&#8243; _module_preset=&#8221;default&#8221; global_colors_info=&#8221;{}&#8221; theme_builder_area=&#8221;post_content&#8221;][et_pb_text _builder_version=&#8221;4.23.1&#8243; _module_preset=&#8221;default&#8221; min_height=&#8221;27px&#8221; hover_enabled=&#8221;0&#8243; global_colors_info=&#8221;{}&#8221; theme_builder_area=&#8221;post_content&#8221; sticky_enabled=&#8221;0&#8243;]<\/p>\n<h3>Lista dos 61 munic\u00edpios-foco do SCF<\/h3>\n<p>&nbsp;<\/p>\n<p>&nbsp;<\/p>\n<p>[\/et_pb_text][\/et_pb_column][\/et_pb_row][et_pb_row column_structure=&#8221;1_3,1_3,1_3&#8243; _builder_version=&#8221;4.16&#8243; _module_preset=&#8221;default&#8221; custom_padding=&#8221;0px|||||&#8221; global_colors_info=&#8221;{}&#8221; theme_builder_area=&#8221;post_content&#8221;][et_pb_column type=&#8221;1_3&#8243; _builder_version=&#8221;4.16&#8243; _module_preset=&#8221;default&#8221; global_colors_info=&#8221;{}&#8221; theme_builder_area=&#8221;post_content&#8221;][et_pb_text _builder_version=&#8221;4.23.1&#8243; _module_preset=&#8221;default&#8221; text_font=&#8221;||||||||&#8221; text_font_size=&#8221;14px&#8221; hover_enabled=&#8221;0&#8243; global_colors_info=&#8221;{}&#8221; theme_builder_area=&#8221;post_content&#8221; sticky_enabled=&#8221;0&#8243;]<\/p>\n<p><span style=\"color: #f8781e;\">Aparecida do Rio Negro<\/span> TO State of Tocantins<br \/><span style=\"color: #f8781e;\">Baixa Grande do Ribeiro<\/span> PI State of Piau\u00ed<br \/><span style=\"color: #f8781e;\">Balsas <\/span> MA State of Maranh\u00e3o<br \/><span style=\"color: #f8781e;\">Campos de J\u00falio <\/span>MT State of Mato Grosso<br \/><span style=\"color: #f8781e;\">Campos Lindos<\/span> TO State of Tocantins<br \/><span style=\"color: #f8781e;\">Carolina <\/span>MA State of Maranh\u00e3o<br \/><span style=\"color: #f8781e;\">Correntina <\/span>BA State of Bahia<br \/><span style=\"color: #f8781e;\">Currais <\/span>PI State of Piau\u00ed<br \/><span style=\"color: #f8781e;\">Formosa do Rio Preto <\/span>BA State of Bahia<br \/><span style=\"color: #f8781e;\">Goiatins <\/span>TO State of Tocantins<br \/><span style=\"color: #f8781e;\">Jaborandi <\/span>BA State of Bahia<br \/><span style=\"color: #f8781e;\">Lagoa da Confus\u00e3o<\/span> TO State of Tocantins<br \/><span style=\"color: #f8781e;\">Mateiros <\/span>TO State of Tocantins<br \/><span style=\"color: #f8781e;\">Mirador <\/span>MA State of Maranh\u00e3o<br \/><span style=\"color: #f8781e;\">Monte do Carmo<\/span> TO State of Tocantins<br \/><span style=\"color: #f8781e;\">Peixe <\/span>TO State of Tocantins<br \/><span style=\"color: #f8781e;\">Pium <\/span>TO State of Tocantins<br \/><span style=\"color: #f8781e;\">Planalto da Serra <\/span>MT State of Mato Grosso<br \/><span style=\"color: #f8781e;\">Porto Nacional<\/span> TO State of Tocantins<br \/><span style=\"color: #f8781e;\">Riach\u00e3o das Neves<\/span> BA State of Bahia<\/p>\n<p>[\/et_pb_text][\/et_pb_column][et_pb_column type=&#8221;1_3&#8243; _builder_version=&#8221;4.16&#8243; _module_preset=&#8221;default&#8221; global_colors_info=&#8221;{}&#8221; theme_builder_area=&#8221;post_content&#8221;][et_pb_text _builder_version=&#8221;4.16&#8243; _module_preset=&#8221;default&#8221; text_font=&#8221;||||||||&#8221; text_font_size=&#8221;14px&#8221; locked=&#8221;off&#8221; global_colors_info=&#8221;{}&#8221; theme_builder_area=&#8221;post_content&#8221;]<span style=\"color: #f8781e\"><span style=\"color: #ff6600;\">Ribeiro Gon\u00e7alves<\/span> <\/span>PI State of Piau\u00ed<br \/>\n<span style=\"color: #f8781e\">Samba\u00edba <\/span>MA State of Maranh\u00e3o<br \/>\n<span style=\"color: #f8781e\">Santa Rosa do Tocantins<\/span> TO State of Tocantins<br \/>\n<span style=\"color: #f8781e\">S\u00e3o Desid\u00e9rio<\/span> BA State of Bahia<br \/>\n<span style=\"color: #f8781e\">Uru\u00e7u\u00ed <\/span>PI State of Piau\u00ed<br \/>\n<span style=\"color: #f8781e\">Abreul\u00e2ndia <\/span>TO State of Tocantins<br \/>\n<span style=\"color: #f8781e\">\u00c1gua Fria de Goi\u00e1s<\/span> GO State of Goi\u00e1s<br \/>\n<span style=\"color: #f8781e\">Alto Araguaia<\/span> MT State of Mato Grosso<br \/>\n<span style=\"color: #f8781e\">Araguacema <\/span>TO State of Tocantins<br \/>\n<span style=\"color: #f8781e\">Barra do Ouro<\/span> TO State of Tocantins<br \/>\n<span style=\"color: #f8781e\">Barreiras <\/span>BA State of Bahia<br \/>\n<span style=\"color: #f8781e\">Buritizeiro <\/span>MG State of Minas Gerais<br \/>\n<span style=\"color: #f8781e;\">Cabeceiras <\/span>GO State of Goi\u00e1s<br \/>\n<span style=\"color: #f8781e\">Campo Novo do Parecis<\/span> MT State of Mato Grosso<br \/>\n<span style=\"color: #f8781e\">Caseara <\/span>TO State of Tocantins<br \/>\n<span style=\"color: #f8781e\">Caxias <\/span>MA State of Maranh\u00e3o<br \/>\n<span style=\"color: #f8781e\">Corrente <\/span>PI State of Piau\u00ed<br \/>\n<span style=\"color: #f8781e\">Cristalina<\/span> GO State of Goi\u00e1s<br \/>\n<span style=\"color: #f8781e\">Dois Irm\u00e3os do Tocantins <\/span>TO State of Tocantins[\/et_pb_text][\/et_pb_column][et_pb_column type=&#8221;1_3&#8243; _builder_version=&#8221;4.16&#8243; _module_preset=&#8221;default&#8221; global_colors_info=&#8221;{}&#8221; theme_builder_area=&#8221;post_content&#8221;][et_pb_text _builder_version=&#8221;4.16&#8243; _module_preset=&#8221;default&#8221; text_font=&#8221;||||||||&#8221; text_font_size=&#8221;14px&#8221; locked=&#8221;off&#8221; global_colors_info=&#8221;{}&#8221; theme_builder_area=&#8221;post_content&#8221;]<span style=\"color: #f8781e\">Fernando Falc\u00e3o<\/span> MA State of Maranh\u00e3o<br \/>\n<span style=\"color: #f8781e\">Gilbu\u00e9s <\/span>PI State of Piau\u00ed<br \/>\n<span style=\"color: #f8781e\">Gurupi <\/span>TO State of Tocantins<br \/>\n<span style=\"color: #f8781e\">Itacaj\u00e1 <\/span>TO State of Tocantins<br \/>\n<span style=\"color: #f8781e\">Itapiratins <\/span>TO State of Tocantins<br \/>\n<span style=\"color: #f8781e\">Lu\u00eds Eduardo Magalh\u00e3es<\/span> BA State of Bahia<br \/>\n<span style=\"color: #f8781e\">Marian\u00f3polis do Tocantins <\/span>TO State of Tocantins<br \/>\n<span style=\"color: #f8781e\">Niquel\u00e2ndia <\/span>GO State of Goi\u00e1s<br \/>\n<span style=\"color: #f8781e\">Nova Nazar\u00e9 <\/span>MT State of Mato Grosso<br \/>\n<span style=\"color: #f8781e\">Novo Acordo <\/span>TO State of Tocantins<br \/>\n<span style=\"color: #f8781e\">Novo S\u00e3o Joaquim <\/span>MT State of Mato Grosso<br \/>\n<span style=\"color: #f8781e\">Paracatu <\/span>MG State of Minas Gerais<br \/>\n<span style=\"color:#f8781e\">Pastos Bons <\/span>MA State of Maranh\u00e3o<br \/>\n<span style=\"color: #f8781e\">Pedro Afonso <\/span>TO State of Tocantins<br \/>\n<span style=\"color: #f8781e\">Poxor\u00e9u <\/span>MT State of Mato Grosso<br \/>\n<span style=\"color: #f8781e\">Riach\u00e3o <\/span>MA State of Maranh\u00e3o<br \/>\n<span style=\"color: #f8781e\">Santa Filomena<\/span> PI State of Piau\u00ed<br \/>\n<span style=\"color: #f8781e\">Santa Maria do Tocantins <\/span>TO State of Tocantins<br \/>\n<span style=\"color: #f8781e\">Sebasti\u00e3o Leal <\/span>PI State of Piau\u00ed<br \/>\n<span style=\"color: #f8781e\">Sucupira do Norte <\/span>MA State of Maranh\u00e3o<br \/>\n<span style=\"color: #f8781e\">Una\u00ed <\/span>MG State of Minas Gerais[\/et_pb_text][\/et_pb_column][\/et_pb_row][\/et_pb_section]<\/p>\n","protected":false},"excerpt":{"rendered":"<p>Bioma do Cerrado &#8211; BrasilO mapa abaixo mostra os 61 munic\u00edpios-foco do Soft Commodities Forum\u00a0<div id=\"mapsvg-1674\" data-id=\"1674\" class=\"mapsvg\" data-autoload=\"true\" data-load-db=\"true\" data-loading-text=\"Loading map...\" style=\"width: 100%; height: 0; padding-bottom: 44.37%\"><\/div>Lista dos 61 munic\u00edpios-foco do SCF &nbsp; &nbsp;Aparecida do Rio Negro TO State of TocantinsBaixa Grande do Ribeiro PI State of Piau\u00edBalsas MA State of Maranh\u00e3oCampos de J\u00falio MT State of Mato GrossoCampos Lindos TO State of TocantinsCarolina MA State [&hellip;]<\/p>\n","protected":false},"author":8,"featured_media":0,"parent":3548,"menu_order":1,"comment_status":"closed","ping_status":"closed","template":"","meta":{"_et_pb_use_builder":"on","_et_pb_old_content":"","_et_gb_content_width":"","mapsvg_location":"","footnotes":""},"class_list":["post-4566","page","type-page","status-publish","hentry"],"lang":"pt","translations":{"pt":4566},"pll_sync_post":[],"_links":{"self":[{"href":"https:\/\/wbcsdpublications.org\/scf\/wp-json\/wp\/v2\/pages\/4566","targetHints":{"allow":["GET"]}}],"collection":[{"href":"https:\/\/wbcsdpublications.org\/scf\/wp-json\/wp\/v2\/pages"}],"about":[{"href":"https:\/\/wbcsdpublications.org\/scf\/wp-json\/wp\/v2\/types\/page"}],"author":[{"embeddable":true,"href":"https:\/\/wbcsdpublications.org\/scf\/wp-json\/wp\/v2\/users\/8"}],"replies":[{"embeddable":true,"href":"https:\/\/wbcsdpublications.org\/scf\/wp-json\/wp\/v2\/comments?post=4566"}],"version-history":[{"count":2,"href":"https:\/\/wbcsdpublications.org\/scf\/wp-json\/wp\/v2\/pages\/4566\/revisions"}],"predecessor-version":[{"id":4568,"href":"https:\/\/wbcsdpublications.org\/scf\/wp-json\/wp\/v2\/pages\/4566\/revisions\/4568"}],"up":[{"embeddable":true,"href":"https:\/\/wbcsdpublications.org\/scf\/wp-json\/wp\/v2\/pages\/3548"}],"wp:attachment":[{"href":"https:\/\/wbcsdpublications.org\/scf\/wp-json\/wp\/v2\/media?parent=4566"}],"curies":[{"name":"wp","href":"https:\/\/api.w.org\/{rel}","templated":true}]}}